{"id":102,"date":"2024-03-31T16:00:35","date_gmt":"2024-03-31T16:00:35","guid":{"rendered":"https:\/\/www.schmid-mogelsberg.ch\/de\/?page_id=102"},"modified":"2025-11-26T12:23:49","modified_gmt":"2025-11-26T12:23:49","slug":"buerobedarf","status":"publish","type":"page","link":"https:\/\/www.schmid-mogelsberg.ch\/de\/buerobedarf\/","title":{"rendered":"B\u00fcrobedarf"},"content":{"rendered":"<p>[et_pb_section fb_built=&#8220;1&#8243; _builder_version=&#8220;4.24.2&#8243; _module_preset=&#8220;default&#8220; background_image=&#8220;https:\/\/www.schmid-mogelsberg.ch\/de\/wp-content\/uploads\/2024\/04\/schmidmogelsberg26jan23-336-2000w.webp&#8220; min_height=&#8220;230px&#8220; custom_padding=&#8220;||||false|false&#8220; global_colors_info=&#8220;{}&#8220;][\/et_pb_section][et_pb_section fb_built=&#8220;1&#8243; _builder_version=&#8220;4.24.2&#8243; _module_preset=&#8220;default&#8220; custom_padding=&#8220;20px||10px||false|false&#8220; global_colors_info=&#8220;{}&#8220;][et_pb_row use_custom_gutter=&#8220;on&#8220; gutter_width=&#8220;1&#8243; custom_padding_last_edited=&#8220;on|phone&#8220; _builder_version=&#8220;4.24.2&#8243; _module_preset=&#8220;default&#8220; width_tablet=&#8220;95%&#8220; width_phone=&#8220;95%&#8220; width_last_edited=&#8220;on|phone&#8220; custom_padding_tablet=&#8220;||0px||false|false&#8220; custom_padding_phone=&#8220;||0px||false|false&#8220; global_colors_info=&#8220;{}&#8220;][et_pb_column type=&#8220;4_4&#8243; _builder_version=&#8220;4.24.2&#8243; _module_preset=&#8220;default&#8220; custom_padding=&#8220;||||false|false&#8220; global_colors_info=&#8220;{}&#8220;][et_pb_text _builder_version=&#8220;4.25.2&#8243; _module_preset=&#8220;5d48ae8f-e8c2-4ba9-b189-7422590db9d7&#8243; text_font=&#8220;FuturaDemi-Bold|300|||||||&#8220; text_font_size=&#8220;17px&#8220; text_line_height=&#8220;1.3em&#8220; link_font=&#8220;Futura-Book||||||||&#8220; link_text_color=&#8220;#000000&#8243; custom_margin=&#8220;||||false|false&#8220; custom_padding=&#8220;|2px||2px|false|true&#8220; global_colors_info=&#8220;{}&#8220;]<\/p>\n<p><a href=\"https:\/\/www.schmid-mogelsberg.ch\/de\/\">Home<\/a>\u00a0 &gt;<strong>\u00a0 B\u00fcrobedarf<\/strong><\/p>\n<p>[\/et_pb_text][\/et_pb_column][\/et_pb_row][\/et_pb_section][et_pb_section fb_built=&#8220;1&#8243; _builder_version=&#8220;4.24.2&#8243; _module_preset=&#8220;default&#8220; custom_padding=&#8220;0px||0px||true|false&#8220; global_colors_info=&#8220;{}&#8220;][et_pb_row _builder_version=&#8220;4.24.2&#8243; _module_preset=&#8220;default&#8220; width_tablet=&#8220;95%&#8220; width_phone=&#8220;95%&#8220; width_last_edited=&#8220;on|phone&#8220; global_colors_info=&#8220;{}&#8220;][et_pb_column type=&#8220;4_4&#8243; _builder_version=&#8220;4.24.2&#8243; _module_preset=&#8220;default&#8220; global_colors_info=&#8220;{}&#8220;][et_pb_text _builder_version=&#8220;4.25.2&#8243; _module_preset=&#8220;default&#8220; text_font=&#8220;FUTURA65MEDIUM|700|||||||&#8220; text_font_size=&#8220;40px&#8220; text_line_height=&#8220;1.3em&#8220; custom_margin=&#8220;||||false|false&#8220; custom_margin_tablet=&#8220;25px||||false|false&#8220; custom_margin_phone=&#8220;25px||||false|false&#8220; custom_margin_last_edited=&#8220;on|phone&#8220; text_line_height_tablet=&#8220;1.3em&#8220; text_line_height_phone=&#8220;1.2em&#8220; text_line_height_last_edited=&#8220;on|phone&#8220; global_colors_info=&#8220;{}&#8220;]<\/p>\n<h2>SCHMID MOGELSBERG AG<\/h2>\n<p>[\/et_pb_text][et_pb_text _builder_version=&#8220;4.27.4&#8243; _module_preset=&#8220;default&#8220; text_font=&#8220;FUTURA55REGULAR|700|||||||&#8220; text_font_size=&#8220;80px&#8220; text_line_height=&#8220;1.1em&#8220; hover_enabled=&#8220;0&#8243; text_font_size_tablet=&#8220;38px&#8220; text_font_size_phone=&#8220;40px&#8220; text_font_size_last_edited=&#8220;on|tablet&#8220; text_line_height_tablet=&#8220;&#8220; text_line_height_phone=&#8220;1.2em&#8220; text_line_height_last_edited=&#8220;on|phone&#8220; global_colors_info=&#8220;{}&#8220; sticky_enabled=&#8220;0&#8243;]<\/p>\n<h1>B\u00fcrobedarf f\u00fcr Unternehmen \u2013 Sortiment f\u00fcr jede Anforderung<\/h1>\n<p>[\/et_pb_text][\/et_pb_column][\/et_pb_row][et_pb_row use_custom_gutter=&#8220;on&#8220; gutter_width=&#8220;2&#8243; custom_padding_last_edited=&#8220;on|phone&#8220; _builder_version=&#8220;4.24.2&#8243; _module_preset=&#8220;default&#8220; width_tablet=&#8220;95%&#8220; width_phone=&#8220;95%&#8220; width_last_edited=&#8220;on|phone&#8220; custom_padding=&#8220;0px||||false|false&#8220; custom_padding_tablet=&#8220;||0px||false|false&#8220; custom_padding_phone=&#8220;||0px||false|false&#8220; global_colors_info=&#8220;{}&#8220;][et_pb_column type=&#8220;4_4&#8243; _builder_version=&#8220;4.24.2&#8243; _module_preset=&#8220;default&#8220; custom_padding=&#8220;||||false|false&#8220; global_colors_info=&#8220;{}&#8220;][et_pb_text _builder_version=&#8220;4.27.4&#8243; _module_preset=&#8220;default&#8220; link_font=&#8220;FuturaDemi-Bold||||on||||&#8220; custom_margin=&#8220;||||false|false&#8220; custom_padding=&#8220;|2px||2px|false|true&#8220; custom_padding_tablet=&#8220;10px||10px||true|true&#8220; custom_padding_phone=&#8220;10px|2px|10px|2px|true|true&#8220; custom_padding_last_edited=&#8220;on|tablet&#8220; global_colors_info=&#8220;{}&#8220;]<\/p>\n<p>Ein starkes Angebot zeichnet uns beim B\u00fcrobedarf aus. In der Breite und in der Tiefe. Aus einer Hand profitieren Sie vom einmaligen Sortiment, das Ihren B\u00fcrobedarf f\u00fcr die t\u00e4gliche Arbeit abdeckt. In unserem <strong><a href=\"https:\/\/shop.schmid-mogelsberg.ch\/\" target=\"_blank\" rel=\"noopener\" title=\"Onlineshop Schmid Mogelsberg - B\u00fcrobedarf, \u00c4rztebedarf und vieles mehr\">Onlineshop<\/a>\u00a0<\/strong>finden Sie Artikel wie Kopierpapiere, Druckerpatronen, Ordner, Register, Agenden, Karteik\u00e4stli, Versand- und Tragtaschen, hygienische Papiere, Handtuchspender, Rechnungsformulare und vieles mehr.<\/p>\n<p>[\/et_pb_text][\/et_pb_column][\/et_pb_row][et_pb_row use_custom_gutter=&#8220;on&#8220; gutter_width=&#8220;2&#8243; custom_padding_last_edited=&#8220;on|phone&#8220; _builder_version=&#8220;4.24.2&#8243; _module_preset=&#8220;default&#8220; width_tablet=&#8220;95%&#8220; width_phone=&#8220;95%&#8220; width_last_edited=&#8220;on|phone&#8220; custom_padding=&#8220;0px||||false|false&#8220; custom_padding_tablet=&#8220;||0px||false|false&#8220; custom_padding_phone=&#8220;||0px||false|false&#8220; global_colors_info=&#8220;{}&#8220;][et_pb_column type=&#8220;4_4&#8243; _builder_version=&#8220;4.24.2&#8243; _module_preset=&#8220;default&#8220; custom_padding=&#8220;||||false|false&#8220; global_colors_info=&#8220;{}&#8220;][et_pb_text _builder_version=&#8220;4.25.2&#8243; _module_preset=&#8220;default&#8220; text_font=&#8220;FUTURA65MEDIUM|700|||||||&#8220; text_font_size=&#8220;40px&#8220; text_line_height=&#8220;1.3em&#8220; custom_margin=&#8220;||||false|false&#8220; custom_margin_tablet=&#8220;25px||||false|false&#8220; custom_margin_phone=&#8220;25px||||false|false&#8220; custom_margin_last_edited=&#8220;on|phone&#8220; text_line_height_tablet=&#8220;1.3em&#8220; text_line_height_phone=&#8220;1.2em&#8220; text_line_height_last_edited=&#8220;on|phone&#8220; global_colors_info=&#8220;{}&#8220;]<\/p>\n<h2>SORTIMENT STANDARDISIERT UND INDIVIDUELL<\/h2>\n<p>[\/et_pb_text][et_pb_text _builder_version=&#8220;4.24.2&#8243; _module_preset=&#8220;default&#8220; custom_margin=&#8220;||||false|false&#8220; custom_padding=&#8220;|2px||2px|false|true&#8220; custom_padding_tablet=&#8220;10px||10px||true|true&#8220; custom_padding_phone=&#8220;10px|2px|10px|2px|true|true&#8220; custom_padding_last_edited=&#8220;on|tablet&#8220; global_colors_info=&#8220;{}&#8220;]<\/p>\n<p>Unser Sortiment wird den fortlaufenden Bed\u00fcrfnissen unserer Kundschaft angepasst. Es umfasst sowohl standardisierte wie individuell ausgerichtete Artikel. Ein wachsender Kundenstamm beweist uns, dass wir mit unserem Angebot goldrichtig liegen. Kompetenz und Kundenn\u00e4he ist unsere Devise.<\/p>\n<p>[\/et_pb_text][\/et_pb_column][\/et_pb_row][et_pb_row use_custom_gutter=&#8220;on&#8220; gutter_width=&#8220;2&#8243; custom_padding_last_edited=&#8220;on|phone&#8220; _builder_version=&#8220;4.24.2&#8243; _module_preset=&#8220;default&#8220; width_tablet=&#8220;95%&#8220; width_phone=&#8220;95%&#8220; width_last_edited=&#8220;on|phone&#8220; custom_padding=&#8220;0px||||false|false&#8220; custom_padding_tablet=&#8220;||0px||false|false&#8220; custom_padding_phone=&#8220;||0px||false|false&#8220; global_colors_info=&#8220;{}&#8220;][et_pb_column type=&#8220;4_4&#8243; _builder_version=&#8220;4.24.2&#8243; _module_preset=&#8220;default&#8220; custom_padding=&#8220;||||false|false&#8220; global_colors_info=&#8220;{}&#8220;][et_pb_text _builder_version=&#8220;4.25.2&#8243; _module_preset=&#8220;default&#8220; text_font=&#8220;FUTURA65MEDIUM|700|||||||&#8220; text_font_size=&#8220;40px&#8220; text_line_height=&#8220;1.3em&#8220; custom_margin=&#8220;||||false|false&#8220; custom_margin_tablet=&#8220;25px||||false|false&#8220; custom_margin_phone=&#8220;25px||||false|false&#8220; custom_margin_last_edited=&#8220;on|phone&#8220; text_line_height_tablet=&#8220;1.3em&#8220; text_line_height_phone=&#8220;1.2em&#8220; text_line_height_last_edited=&#8220;on|phone&#8220; global_colors_info=&#8220;{}&#8220;]<\/p>\n<h2>AUF DER SUCHE NACH MEHR?<\/h2>\n<p>[\/et_pb_text][et_pb_text _builder_version=&#8220;4.27.4&#8243; _module_preset=&#8220;default&#8220; link_font=&#8220;FuturaDemi-Bold||||on||||&#8220; custom_margin=&#8220;||||false|false&#8220; custom_padding=&#8220;|2px||2px|false|true&#8220; custom_padding_tablet=&#8220;10px||10px||true|true&#8220; custom_padding_phone=&#8220;10px|2px|10px|2px|true|true&#8220; custom_padding_last_edited=&#8220;on|tablet&#8220; global_colors_info=&#8220;{}&#8220;]<\/p>\n<p>Wir beziehen unsere B\u00fcrobedarfsartikel bei der Office World Trade AG, dem f\u00fchrenden Grosshandels-Unternehmen im Bereich Papeterie und B\u00fcrobedarf.<br \/>St\u00f6bern Sie auf der Webseite <strong><a href=\"http:\/\/www.papedis.ch\">www.officeworldtrade.ch<\/a><\/strong> und bestellen Sie noch heute bei uns.<\/p>\n<p>[\/et_pb_text][\/et_pb_column][\/et_pb_row][\/et_pb_section]<\/p>\n","protected":false},"excerpt":{"rendered":"<p>B\u00fcrobedarf aus der Ostschweiz \u2013 Appenzell \u00fcber St. Gallen bis Wil.<\/p>\n","protected":false},"author":3,"featured_media":0,"parent":0,"menu_order":0,"comment_status":"closed","ping_status":"closed","template":"","meta":{"_et_pb_use_builder":"on","_et_pb_old_content":"","_et_gb_content_width":"","footnotes":""},"class_list":["post-102","page","type-page","status-publish","hentry"],"yoast_head":"<!-- This site is optimized with the Yoast SEO plugin v27.3 - https:\/\/yoast.com\/product\/yoast-seo-wordpress\/ -->\n<title>B\u00fcrobedarf Druckerei Ostschweiz | Schmid Mogelsberg AG<\/title>\n<meta name=\"description\" content=\"B\u00fcrobedarf und Gesch\u00e4ftsdrucke aus der Ostschweiz \u2013 produziert f\u00fcr Kunden in Appenzell, St. Gallen und Wil.\" \/>\n<meta name=\"robots\" content=\"index, follow, max-snippet:-1, max-image-preview:large, max-video-preview:-1\" \/>\n<link rel=\"canonical\" href=\"https:\/\/www.schmid-mogelsberg.ch\/de\/buerobedarf\/\" \/>\n<meta property=\"og:locale\" content=\"de_DE\" \/>\n<meta property=\"og:type\" content=\"article\" \/>\n<meta property=\"og:title\" content=\"B\u00fcrobedarf | Schmid Mogelsberg AG\" \/>\n<meta property=\"og:description\" content=\"Gesch\u00e4ftsdrucke und B\u00fcrobedarf aus der regionalen Druckerei zwischen Appenzell, St. Gallen und Wil.\" \/>\n<meta property=\"og:url\" content=\"https:\/\/www.schmid-mogelsberg.ch\/de\/buerobedarf\/\" \/>\n<meta property=\"og:site_name\" content=\"Schmid Mogelsberg\" \/>\n<meta property=\"article:publisher\" content=\"https:\/\/www.facebook.com\/Schmid.Mogelsberg.AG\" \/>\n<meta property=\"article:modified_time\" content=\"2025-11-26T12:23:49+00:00\" \/>\n<meta name=\"twitter:card\" content=\"summary_large_image\" \/>\n<meta name=\"twitter:title\" content=\"B\u00fcrobedarf Ostschweiz | Schmid Mogelsberg AG\" \/>\n<meta name=\"twitter:description\" content=\"B\u00fcrobedarf und Gesch\u00e4ftsdrucke aus der Ostschweiz \u2013 Appenzell, St. Gallen, Wil.\" \/>\n<meta name=\"twitter:label1\" content=\"Gesch\u00e4tzte Lesezeit\" \/>\n\t<meta name=\"twitter:data1\" content=\"5\u00a0Minuten\" \/>\n<script type=\"application\/ld+json\" class=\"yoast-schema-graph\">{\"@context\":\"https:\\\/\\\/schema.org\",\"@graph\":[{\"@type\":\"WebPage\",\"@id\":\"https:\\\/\\\/www.schmid-mogelsberg.ch\\\/de\\\/buerobedarf\\\/\",\"url\":\"https:\\\/\\\/www.schmid-mogelsberg.ch\\\/de\\\/buerobedarf\\\/\",\"name\":\"B\u00fcrobedarf Druckerei Ostschweiz | Schmid Mogelsberg AG\",\"isPartOf\":{\"@id\":\"https:\\\/\\\/www.schmid-mogelsberg.ch\\\/de\\\/#website\"},\"datePublished\":\"2024-03-31T16:00:35+00:00\",\"dateModified\":\"2025-11-26T12:23:49+00:00\",\"description\":\"B\u00fcrobedarf und Gesch\u00e4ftsdrucke aus der Ostschweiz \u2013 produziert f\u00fcr Kunden in Appenzell, St. Gallen und Wil.\",\"breadcrumb\":{\"@id\":\"https:\\\/\\\/www.schmid-mogelsberg.ch\\\/de\\\/buerobedarf\\\/#breadcrumb\"},\"inLanguage\":\"de\",\"potentialAction\":[{\"@type\":\"ReadAction\",\"target\":[\"https:\\\/\\\/www.schmid-mogelsberg.ch\\\/de\\\/buerobedarf\\\/\"]}]},{\"@type\":\"BreadcrumbList\",\"@id\":\"https:\\\/\\\/www.schmid-mogelsberg.ch\\\/de\\\/buerobedarf\\\/#breadcrumb\",\"itemListElement\":[{\"@type\":\"ListItem\",\"position\":1,\"name\":\"Startseite\",\"item\":\"https:\\\/\\\/www.schmid-mogelsberg.ch\\\/de\\\/\"},{\"@type\":\"ListItem\",\"position\":2,\"name\":\"B\u00fcrobedarf\"}]},{\"@type\":\"WebSite\",\"@id\":\"https:\\\/\\\/www.schmid-mogelsberg.ch\\\/de\\\/#website\",\"url\":\"https:\\\/\\\/www.schmid-mogelsberg.ch\\\/de\\\/\",\"name\":\"Schmid Mogelsberg\",\"description\":\"Ihre Druckerei auf der H\u00f6he\",\"publisher\":{\"@id\":\"https:\\\/\\\/www.schmid-mogelsberg.ch\\\/de\\\/#organization\"},\"potentialAction\":[{\"@type\":\"SearchAction\",\"target\":{\"@type\":\"EntryPoint\",\"urlTemplate\":\"https:\\\/\\\/www.schmid-mogelsberg.ch\\\/de\\\/?s={search_term_string}\"},\"query-input\":{\"@type\":\"PropertyValueSpecification\",\"valueRequired\":true,\"valueName\":\"search_term_string\"}}],\"inLanguage\":\"de\"},{\"@type\":\"Organization\",\"@id\":\"https:\\\/\\\/www.schmid-mogelsberg.ch\\\/de\\\/#organization\",\"name\":\"Schmid Mogelsberg\",\"url\":\"https:\\\/\\\/www.schmid-mogelsberg.ch\\\/de\\\/\",\"logo\":{\"@type\":\"ImageObject\",\"inLanguage\":\"de\",\"@id\":\"https:\\\/\\\/www.schmid-mogelsberg.ch\\\/de\\\/#\\\/schema\\\/logo\\\/image\\\/\",\"url\":\"https:\\\/\\\/www.schmid-mogelsberg.ch\\\/de\\\/wp-content\\\/uploads\\\/2024\\\/03\\\/lOGO.png\",\"contentUrl\":\"https:\\\/\\\/www.schmid-mogelsberg.ch\\\/de\\\/wp-content\\\/uploads\\\/2024\\\/03\\\/lOGO.png\",\"width\":225,\"height\":81,\"caption\":\"Schmid Mogelsberg\"},\"image\":{\"@id\":\"https:\\\/\\\/www.schmid-mogelsberg.ch\\\/de\\\/#\\\/schema\\\/logo\\\/image\\\/\"},\"sameAs\":[\"https:\\\/\\\/www.facebook.com\\\/Schmid.Mogelsberg.AG\",\"https:\\\/\\\/ch.linkedin.com\\\/company\\\/schmid-mogelsberg-ag\"]}]}<\/script>\n<!-- \/ Yoast SEO plugin. -->","yoast_head_json":{"title":"B\u00fcrobedarf Druckerei Ostschweiz | Schmid Mogelsberg AG","description":"B\u00fcrobedarf und Gesch\u00e4ftsdrucke aus der Ostschweiz \u2013 produziert f\u00fcr Kunden in Appenzell, St. Gallen und Wil.","robots":{"index":"index","follow":"follow","max-snippet":"max-snippet:-1","max-image-preview":"max-image-preview:large","max-video-preview":"max-video-preview:-1"},"canonical":"https:\/\/www.schmid-mogelsberg.ch\/de\/buerobedarf\/","og_locale":"de_DE","og_type":"article","og_title":"B\u00fcrobedarf | Schmid Mogelsberg AG","og_description":"Gesch\u00e4ftsdrucke und B\u00fcrobedarf aus der regionalen Druckerei zwischen Appenzell, St. Gallen und Wil.","og_url":"https:\/\/www.schmid-mogelsberg.ch\/de\/buerobedarf\/","og_site_name":"Schmid Mogelsberg","article_publisher":"https:\/\/www.facebook.com\/Schmid.Mogelsberg.AG","article_modified_time":"2025-11-26T12:23:49+00:00","twitter_card":"summary_large_image","twitter_title":"B\u00fcrobedarf Ostschweiz | Schmid Mogelsberg AG","twitter_description":"B\u00fcrobedarf und Gesch\u00e4ftsdrucke aus der Ostschweiz \u2013 Appenzell, St. Gallen, Wil.","twitter_misc":{"Gesch\u00e4tzte Lesezeit":"5\u00a0Minuten"},"schema":{"@context":"https:\/\/schema.org","@graph":[{"@type":"WebPage","@id":"https:\/\/www.schmid-mogelsberg.ch\/de\/buerobedarf\/","url":"https:\/\/www.schmid-mogelsberg.ch\/de\/buerobedarf\/","name":"B\u00fcrobedarf Druckerei Ostschweiz | Schmid Mogelsberg AG","isPartOf":{"@id":"https:\/\/www.schmid-mogelsberg.ch\/de\/#website"},"datePublished":"2024-03-31T16:00:35+00:00","dateModified":"2025-11-26T12:23:49+00:00","description":"B\u00fcrobedarf und Gesch\u00e4ftsdrucke aus der Ostschweiz \u2013 produziert f\u00fcr Kunden in Appenzell, St. Gallen und Wil.","breadcrumb":{"@id":"https:\/\/www.schmid-mogelsberg.ch\/de\/buerobedarf\/#breadcrumb"},"inLanguage":"de","potentialAction":[{"@type":"ReadAction","target":["https:\/\/www.schmid-mogelsberg.ch\/de\/buerobedarf\/"]}]},{"@type":"BreadcrumbList","@id":"https:\/\/www.schmid-mogelsberg.ch\/de\/buerobedarf\/#breadcrumb","itemListElement":[{"@type":"ListItem","position":1,"name":"Startseite","item":"https:\/\/www.schmid-mogelsberg.ch\/de\/"},{"@type":"ListItem","position":2,"name":"B\u00fcrobedarf"}]},{"@type":"WebSite","@id":"https:\/\/www.schmid-mogelsberg.ch\/de\/#website","url":"https:\/\/www.schmid-mogelsberg.ch\/de\/","name":"Schmid Mogelsberg","description":"Ihre Druckerei auf der H\u00f6he","publisher":{"@id":"https:\/\/www.schmid-mogelsberg.ch\/de\/#organization"},"potentialAction":[{"@type":"SearchAction","target":{"@type":"EntryPoint","urlTemplate":"https:\/\/www.schmid-mogelsberg.ch\/de\/?s={search_term_string}"},"query-input":{"@type":"PropertyValueSpecification","valueRequired":true,"valueName":"search_term_string"}}],"inLanguage":"de"},{"@type":"Organization","@id":"https:\/\/www.schmid-mogelsberg.ch\/de\/#organization","name":"Schmid Mogelsberg","url":"https:\/\/www.schmid-mogelsberg.ch\/de\/","logo":{"@type":"ImageObject","inLanguage":"de","@id":"https:\/\/www.schmid-mogelsberg.ch\/de\/#\/schema\/logo\/image\/","url":"https:\/\/www.schmid-mogelsberg.ch\/de\/wp-content\/uploads\/2024\/03\/lOGO.png","contentUrl":"https:\/\/www.schmid-mogelsberg.ch\/de\/wp-content\/uploads\/2024\/03\/lOGO.png","width":225,"height":81,"caption":"Schmid Mogelsberg"},"image":{"@id":"https:\/\/www.schmid-mogelsberg.ch\/de\/#\/schema\/logo\/image\/"},"sameAs":["https:\/\/www.facebook.com\/Schmid.Mogelsberg.AG","https:\/\/ch.linkedin.com\/company\/schmid-mogelsberg-ag"]}]}},"_links":{"self":[{"href":"https:\/\/www.schmid-mogelsberg.ch\/de\/wp-json\/wp\/v2\/pages\/102","targetHints":{"allow":["GET"]}}],"collection":[{"href":"https:\/\/www.schmid-mogelsberg.ch\/de\/wp-json\/wp\/v2\/pages"}],"about":[{"href":"https:\/\/www.schmid-mogelsberg.ch\/de\/wp-json\/wp\/v2\/types\/page"}],"author":[{"embeddable":true,"href":"https:\/\/www.schmid-mogelsberg.ch\/de\/wp-json\/wp\/v2\/users\/3"}],"replies":[{"embeddable":true,"href":"https:\/\/www.schmid-mogelsberg.ch\/de\/wp-json\/wp\/v2\/comments?post=102"}],"version-history":[{"count":5,"href":"https:\/\/www.schmid-mogelsberg.ch\/de\/wp-json\/wp\/v2\/pages\/102\/revisions"}],"predecessor-version":[{"id":1089051,"href":"https:\/\/www.schmid-mogelsberg.ch\/de\/wp-json\/wp\/v2\/pages\/102\/revisions\/1089051"}],"wp:attachment":[{"href":"https:\/\/www.schmid-mogelsberg.ch\/de\/wp-json\/wp\/v2\/media?parent=102"}],"curies":[{"name":"wp","href":"https:\/\/api.w.org\/{rel}","templated":true}]}}