{"id":148,"date":"2024-03-31T17:04:25","date_gmt":"2024-03-31T17:04:25","guid":{"rendered":"https:\/\/www.schmid-mogelsberg.ch\/de\/?page_id=148"},"modified":"2025-11-25T10:05:18","modified_gmt":"2025-11-25T10:05:18","slug":"ueber-uns","status":"publish","type":"page","link":"https:\/\/www.schmid-mogelsberg.ch\/de\/ueber-uns\/","title":{"rendered":"\u00dcber uns"},"content":{"rendered":"<p>[et_pb_section fb_built=&#8220;1&#8243; _builder_version=&#8220;4.24.2&#8243; _module_preset=&#8220;default&#8220; background_image=&#8220;https:\/\/www.schmid-mogelsberg.ch\/de\/wp-content\/uploads\/2024\/04\/schmidmogelsberg26jan23-281-2000w.webp&#8220; min_height=&#8220;230px&#8220; custom_padding=&#8220;||||false|false&#8220; global_colors_info=&#8220;{}&#8220;][\/et_pb_section][et_pb_section fb_built=&#8220;1&#8243; _builder_version=&#8220;4.24.2&#8243; _module_preset=&#8220;default&#8220; custom_padding=&#8220;20px||10px||false|false&#8220; global_colors_info=&#8220;{}&#8220;][et_pb_row use_custom_gutter=&#8220;on&#8220; gutter_width=&#8220;1&#8243; custom_padding_last_edited=&#8220;on|phone&#8220; _builder_version=&#8220;4.24.2&#8243; _module_preset=&#8220;default&#8220; width_tablet=&#8220;95%&#8220; width_phone=&#8220;95%&#8220; width_last_edited=&#8220;on|phone&#8220; custom_padding_tablet=&#8220;||0px||false|false&#8220; custom_padding_phone=&#8220;||0px||false|false&#8220; global_colors_info=&#8220;{}&#8220;][et_pb_column type=&#8220;4_4&#8243; _builder_version=&#8220;4.24.2&#8243; _module_preset=&#8220;default&#8220; custom_padding=&#8220;||||false|false&#8220; global_colors_info=&#8220;{}&#8220;][et_pb_text _builder_version=&#8220;4.27.0&#8243; _module_preset=&#8220;default&#8220; text_font=&#8220;FuturaDemi-Bold|300|||||||&#8220; text_font_size=&#8220;17px&#8220; text_line_height=&#8220;1.3em&#8220; link_font=&#8220;Futura-Book||||||||&#8220; link_text_color=&#8220;#000000&#8243; custom_margin=&#8220;||||false|false&#8220; custom_padding=&#8220;|2px||2px|false|true&#8220; hover_enabled=&#8220;0&#8243; global_colors_info=&#8220;{}&#8220; sticky_enabled=&#8220;0&#8243;]<\/p>\n<p><a href=\"https:\/\/www.schmid-mogelsberg.ch\/de\/\">Home<\/a>\u00a0 &gt;<strong>\u00a0 \u00dcber uns<\/strong><\/p>\n<p>[\/et_pb_text][\/et_pb_column][\/et_pb_row][\/et_pb_section][et_pb_section fb_built=&#8220;1&#8243; _builder_version=&#8220;4.24.2&#8243; _module_preset=&#8220;default&#8220; custom_padding=&#8220;0px||0px||true|false&#8220; global_colors_info=&#8220;{}&#8220;][et_pb_row _builder_version=&#8220;4.24.2&#8243; _module_preset=&#8220;default&#8220; width_tablet=&#8220;95%&#8220; width_phone=&#8220;95%&#8220; width_last_edited=&#8220;on|phone&#8220; global_colors_info=&#8220;{}&#8220;][et_pb_column type=&#8220;4_4&#8243; _builder_version=&#8220;4.24.2&#8243; _module_preset=&#8220;default&#8220; global_colors_info=&#8220;{}&#8220;][et_pb_text _builder_version=&#8220;4.27.0&#8243; _module_preset=&#8220;default&#8220; text_font=&#8220;FUTURA65MEDIUM|700|||||||&#8220; text_font_size=&#8220;40px&#8220; text_line_height=&#8220;1.3em&#8220; custom_margin=&#8220;||||false|false&#8220; custom_margin_tablet=&#8220;25px||||false|false&#8220; custom_margin_phone=&#8220;25px||||false|false&#8220; custom_margin_last_edited=&#8220;on|phone&#8220; hover_enabled=&#8220;0&#8243; text_line_height_tablet=&#8220;1.3em&#8220; text_line_height_phone=&#8220;1.2em&#8220; text_line_height_last_edited=&#8220;on|phone&#8220; global_colors_info=&#8220;{}&#8220; sticky_enabled=&#8220;0&#8243;]<\/p>\n<h2>SCHMID MOGELSBERG AG<\/h2>\n<p>[\/et_pb_text][et_pb_text _builder_version=&#8220;4.27.0&#8243; _module_preset=&#8220;default&#8220; text_font=&#8220;FUTURA55REGULAR|700|||||||&#8220; text_font_size=&#8220;80px&#8220; text_line_height=&#8220;1.1em&#8220; hover_enabled=&#8220;0&#8243; text_font_size_tablet=&#8220;38px&#8220; text_font_size_phone=&#8220;40px&#8220; text_font_size_last_edited=&#8220;on|tablet&#8220; text_line_height_tablet=&#8220;&#8220; text_line_height_phone=&#8220;1.2em&#8220; text_line_height_last_edited=&#8220;on|phone&#8220; global_colors_info=&#8220;{}&#8220; sticky_enabled=&#8220;0&#8243;]<\/p>\n<h1>Druck, Artikel f\u00fcr Arztpraxen und B\u00fcrobedarf<\/h1>\n<p>[\/et_pb_text][\/et_pb_column][\/et_pb_row][et_pb_row use_custom_gutter=&#8220;on&#8220; gutter_width=&#8220;2&#8243; custom_padding_last_edited=&#8220;on|phone&#8220; _builder_version=&#8220;4.24.2&#8243; _module_preset=&#8220;default&#8220; width_tablet=&#8220;95%&#8220; width_phone=&#8220;95%&#8220; width_last_edited=&#8220;on|phone&#8220; custom_padding=&#8220;0px||||false|false&#8220; custom_padding_tablet=&#8220;||0px||false|false&#8220; custom_padding_phone=&#8220;||0px||false|false&#8220; global_colors_info=&#8220;{}&#8220;][et_pb_column type=&#8220;4_4&#8243; _builder_version=&#8220;4.24.2&#8243; _module_preset=&#8220;default&#8220; custom_padding=&#8220;||||false|false&#8220; global_colors_info=&#8220;{}&#8220;][et_pb_text _builder_version=&#8220;4.27.0&#8243; _module_preset=&#8220;default&#8220; custom_margin=&#8220;||||false|false&#8220; custom_padding=&#8220;|2px||2px|false|true&#8220; custom_padding_tablet=&#8220;10px||10px||true|true&#8220; custom_padding_phone=&#8220;10px|2px|10px|2px|true|true&#8220; custom_padding_last_edited=&#8220;on|tablet&#8220; hover_enabled=&#8220;0&#8243; global_colors_info=&#8220;{}&#8220; sticky_enabled=&#8220;0&#8243;]<\/p>\n<p>Schmid Mogelsberg AG ist erfolgreich t\u00e4tig bei Offsetdruck, Digitaldruck und Direct-Mailing. Mit \u00abClassicprint\u00bb und \u00abMediprint\u00bb erf\u00fcllen wir anspruchsvolle Kundenbed\u00fcrfnisse im klassischen Druckbereich und im spezialisierten Medizinalbereich. Schweizweit bekannt sind wir f\u00fcr medizinische und hygienische Bedarfsartikel, die wir an \u00c4rzte, Therapiepraxen, Naturheilpraxen liefern. Ein starkes Angebot zeichnet uns aus bei B\u00fcrobedarf und B\u00fcromaterialien f\u00fcr den t\u00e4glichen Betrieb von kleinen und grossen Unternehmen. Unsere Firmen\u00adgeschichte geht bis ins Jahr 1933 zuru\u0308ck. Damals wurde der Grundstein gelegt f\u00fcr ein Unternehmen, das noch heute \u2013 frisch und unverbraucht \u2013 dem permanenten Fortschritt verpflichtet ist.<\/p>\n<p>[\/et_pb_text][\/et_pb_column][\/et_pb_row][et_pb_row use_custom_gutter=&#8220;on&#8220; gutter_width=&#8220;2&#8243; custom_padding_last_edited=&#8220;on|phone&#8220; _builder_version=&#8220;4.24.2&#8243; _module_preset=&#8220;default&#8220; width_tablet=&#8220;95%&#8220; width_phone=&#8220;95%&#8220; width_last_edited=&#8220;on|phone&#8220; custom_padding=&#8220;0px||||false|false&#8220; custom_padding_tablet=&#8220;||0px||false|false&#8220; custom_padding_phone=&#8220;||0px||false|false&#8220; global_colors_info=&#8220;{}&#8220;][et_pb_column type=&#8220;4_4&#8243; _builder_version=&#8220;4.24.2&#8243; _module_preset=&#8220;default&#8220; custom_padding=&#8220;||||false|false&#8220; global_colors_info=&#8220;{}&#8220;][et_pb_video src=&#8220;https:\/\/www.youtube.com\/watch?v=THwv1bYFlS8&#8243; _builder_version=&#8220;4.24.2&#8243; _module_preset=&#8220;default&#8220; global_colors_info=&#8220;{}&#8220;][\/et_pb_video][\/et_pb_column][\/et_pb_row][\/et_pb_section]<\/p>\n","protected":false},"excerpt":{"rendered":"<p>Die Schmid Mogelsberg AG \u2013 erfahrene Druckerei aus der Ostschweiz stellt sich vor.<\/p>\n","protected":false},"author":3,"featured_media":0,"parent":0,"menu_order":0,"comment_status":"closed","ping_status":"closed","template":"","meta":{"_et_pb_use_builder":"on","_et_pb_old_content":"","_et_gb_content_width":"","footnotes":""},"class_list":["post-148","page","type-page","status-publish","hentry"],"yoast_head":"<!-- This site is optimized with the Yoast SEO plugin v27.3 - https:\/\/yoast.com\/product\/yoast-seo-wordpress\/ -->\n<title>\u00dcber uns | Schmid Mogelsberg AG Druckerei Ostschweiz<\/title>\n<meta name=\"description\" content=\"Lerne die Schmid Mogelsberg AG kennen \u2013 Deine Ostschweizer Druckerei f\u00fcr Offsetdruck, Digitaldruck und hochwertige Druckl\u00f6sungen.\" \/>\n<meta name=\"robots\" content=\"index, follow, max-snippet:-1, max-image-preview:large, max-video-preview:-1\" \/>\n<link rel=\"canonical\" href=\"https:\/\/www.schmid-mogelsberg.ch\/de\/ueber-uns\/\" \/>\n<meta property=\"og:locale\" content=\"de_DE\" \/>\n<meta property=\"og:type\" content=\"article\" \/>\n<meta property=\"og:title\" content=\"\u00dcber uns | Schmid Mogelsberg AG\" \/>\n<meta property=\"og:description\" content=\"Die Schmid Mogelsberg AG stellt sich vor \u2013 regionale Druckerei mit Fokus auf Offset- und Digitaldruck.\" \/>\n<meta property=\"og:url\" content=\"https:\/\/www.schmid-mogelsberg.ch\/de\/ueber-uns\/\" \/>\n<meta property=\"og:site_name\" content=\"Schmid Mogelsberg\" \/>\n<meta property=\"article:publisher\" content=\"https:\/\/www.facebook.com\/Schmid.Mogelsberg.AG\" \/>\n<meta property=\"article:modified_time\" content=\"2025-11-25T10:05:18+00:00\" \/>\n<meta name=\"twitter:card\" content=\"summary_large_image\" \/>\n<meta name=\"twitter:title\" content=\"\u00dcber uns | Schmid Mogelsberg AG\" \/>\n<meta name=\"twitter:description\" content=\"Erfahre mehr \u00fcber die Schmid Mogelsberg AG \u2013 Deine Druckerei in der Ostschweiz.\" \/>\n<meta name=\"twitter:label1\" content=\"Gesch\u00e4tzte Lesezeit\" \/>\n\t<meta name=\"twitter:data1\" content=\"3\u00a0Minuten\" \/>\n<script type=\"application\/ld+json\" class=\"yoast-schema-graph\">{\"@context\":\"https:\\\/\\\/schema.org\",\"@graph\":[{\"@type\":\"WebPage\",\"@id\":\"https:\\\/\\\/www.schmid-mogelsberg.ch\\\/de\\\/ueber-uns\\\/\",\"url\":\"https:\\\/\\\/www.schmid-mogelsberg.ch\\\/de\\\/ueber-uns\\\/\",\"name\":\"\u00dcber uns | Schmid Mogelsberg AG Druckerei Ostschweiz\",\"isPartOf\":{\"@id\":\"https:\\\/\\\/www.schmid-mogelsberg.ch\\\/de\\\/#website\"},\"datePublished\":\"2024-03-31T17:04:25+00:00\",\"dateModified\":\"2025-11-25T10:05:18+00:00\",\"description\":\"Lerne die Schmid Mogelsberg AG kennen \u2013 Deine Ostschweizer Druckerei f\u00fcr Offsetdruck, Digitaldruck und hochwertige Druckl\u00f6sungen.\",\"breadcrumb\":{\"@id\":\"https:\\\/\\\/www.schmid-mogelsberg.ch\\\/de\\\/ueber-uns\\\/#breadcrumb\"},\"inLanguage\":\"de\",\"potentialAction\":[{\"@type\":\"ReadAction\",\"target\":[\"https:\\\/\\\/www.schmid-mogelsberg.ch\\\/de\\\/ueber-uns\\\/\"]}]},{\"@type\":\"BreadcrumbList\",\"@id\":\"https:\\\/\\\/www.schmid-mogelsberg.ch\\\/de\\\/ueber-uns\\\/#breadcrumb\",\"itemListElement\":[{\"@type\":\"ListItem\",\"position\":1,\"name\":\"Startseite\",\"item\":\"https:\\\/\\\/www.schmid-mogelsberg.ch\\\/de\\\/\"},{\"@type\":\"ListItem\",\"position\":2,\"name\":\"\u00dcber uns\"}]},{\"@type\":\"WebSite\",\"@id\":\"https:\\\/\\\/www.schmid-mogelsberg.ch\\\/de\\\/#website\",\"url\":\"https:\\\/\\\/www.schmid-mogelsberg.ch\\\/de\\\/\",\"name\":\"Schmid Mogelsberg\",\"description\":\"Ihre Druckerei auf der H\u00f6he\",\"publisher\":{\"@id\":\"https:\\\/\\\/www.schmid-mogelsberg.ch\\\/de\\\/#organization\"},\"potentialAction\":[{\"@type\":\"SearchAction\",\"target\":{\"@type\":\"EntryPoint\",\"urlTemplate\":\"https:\\\/\\\/www.schmid-mogelsberg.ch\\\/de\\\/?s={search_term_string}\"},\"query-input\":{\"@type\":\"PropertyValueSpecification\",\"valueRequired\":true,\"valueName\":\"search_term_string\"}}],\"inLanguage\":\"de\"},{\"@type\":\"Organization\",\"@id\":\"https:\\\/\\\/www.schmid-mogelsberg.ch\\\/de\\\/#organization\",\"name\":\"Schmid Mogelsberg\",\"url\":\"https:\\\/\\\/www.schmid-mogelsberg.ch\\\/de\\\/\",\"logo\":{\"@type\":\"ImageObject\",\"inLanguage\":\"de\",\"@id\":\"https:\\\/\\\/www.schmid-mogelsberg.ch\\\/de\\\/#\\\/schema\\\/logo\\\/image\\\/\",\"url\":\"https:\\\/\\\/www.schmid-mogelsberg.ch\\\/de\\\/wp-content\\\/uploads\\\/2024\\\/03\\\/lOGO.png\",\"contentUrl\":\"https:\\\/\\\/www.schmid-mogelsberg.ch\\\/de\\\/wp-content\\\/uploads\\\/2024\\\/03\\\/lOGO.png\",\"width\":225,\"height\":81,\"caption\":\"Schmid Mogelsberg\"},\"image\":{\"@id\":\"https:\\\/\\\/www.schmid-mogelsberg.ch\\\/de\\\/#\\\/schema\\\/logo\\\/image\\\/\"},\"sameAs\":[\"https:\\\/\\\/www.facebook.com\\\/Schmid.Mogelsberg.AG\",\"https:\\\/\\\/ch.linkedin.com\\\/company\\\/schmid-mogelsberg-ag\"]}]}<\/script>\n<!-- \/ Yoast SEO plugin. -->","yoast_head_json":{"title":"\u00dcber uns | Schmid Mogelsberg AG Druckerei Ostschweiz","description":"Lerne die Schmid Mogelsberg AG kennen \u2013 Deine Ostschweizer Druckerei f\u00fcr Offsetdruck, Digitaldruck und hochwertige Druckl\u00f6sungen.","robots":{"index":"index","follow":"follow","max-snippet":"max-snippet:-1","max-image-preview":"max-image-preview:large","max-video-preview":"max-video-preview:-1"},"canonical":"https:\/\/www.schmid-mogelsberg.ch\/de\/ueber-uns\/","og_locale":"de_DE","og_type":"article","og_title":"\u00dcber uns | Schmid Mogelsberg AG","og_description":"Die Schmid Mogelsberg AG stellt sich vor \u2013 regionale Druckerei mit Fokus auf Offset- und Digitaldruck.","og_url":"https:\/\/www.schmid-mogelsberg.ch\/de\/ueber-uns\/","og_site_name":"Schmid Mogelsberg","article_publisher":"https:\/\/www.facebook.com\/Schmid.Mogelsberg.AG","article_modified_time":"2025-11-25T10:05:18+00:00","twitter_card":"summary_large_image","twitter_title":"\u00dcber uns | Schmid Mogelsberg AG","twitter_description":"Erfahre mehr \u00fcber die Schmid Mogelsberg AG \u2013 Deine Druckerei in der Ostschweiz.","twitter_misc":{"Gesch\u00e4tzte Lesezeit":"3\u00a0Minuten"},"schema":{"@context":"https:\/\/schema.org","@graph":[{"@type":"WebPage","@id":"https:\/\/www.schmid-mogelsberg.ch\/de\/ueber-uns\/","url":"https:\/\/www.schmid-mogelsberg.ch\/de\/ueber-uns\/","name":"\u00dcber uns | Schmid Mogelsberg AG Druckerei Ostschweiz","isPartOf":{"@id":"https:\/\/www.schmid-mogelsberg.ch\/de\/#website"},"datePublished":"2024-03-31T17:04:25+00:00","dateModified":"2025-11-25T10:05:18+00:00","description":"Lerne die Schmid Mogelsberg AG kennen \u2013 Deine Ostschweizer Druckerei f\u00fcr Offsetdruck, Digitaldruck und hochwertige Druckl\u00f6sungen.","breadcrumb":{"@id":"https:\/\/www.schmid-mogelsberg.ch\/de\/ueber-uns\/#breadcrumb"},"inLanguage":"de","potentialAction":[{"@type":"ReadAction","target":["https:\/\/www.schmid-mogelsberg.ch\/de\/ueber-uns\/"]}]},{"@type":"BreadcrumbList","@id":"https:\/\/www.schmid-mogelsberg.ch\/de\/ueber-uns\/#breadcrumb","itemListElement":[{"@type":"ListItem","position":1,"name":"Startseite","item":"https:\/\/www.schmid-mogelsberg.ch\/de\/"},{"@type":"ListItem","position":2,"name":"\u00dcber uns"}]},{"@type":"WebSite","@id":"https:\/\/www.schmid-mogelsberg.ch\/de\/#website","url":"https:\/\/www.schmid-mogelsberg.ch\/de\/","name":"Schmid Mogelsberg","description":"Ihre Druckerei auf der H\u00f6he","publisher":{"@id":"https:\/\/www.schmid-mogelsberg.ch\/de\/#organization"},"potentialAction":[{"@type":"SearchAction","target":{"@type":"EntryPoint","urlTemplate":"https:\/\/www.schmid-mogelsberg.ch\/de\/?s={search_term_string}"},"query-input":{"@type":"PropertyValueSpecification","valueRequired":true,"valueName":"search_term_string"}}],"inLanguage":"de"},{"@type":"Organization","@id":"https:\/\/www.schmid-mogelsberg.ch\/de\/#organization","name":"Schmid Mogelsberg","url":"https:\/\/www.schmid-mogelsberg.ch\/de\/","logo":{"@type":"ImageObject","inLanguage":"de","@id":"https:\/\/www.schmid-mogelsberg.ch\/de\/#\/schema\/logo\/image\/","url":"https:\/\/www.schmid-mogelsberg.ch\/de\/wp-content\/uploads\/2024\/03\/lOGO.png","contentUrl":"https:\/\/www.schmid-mogelsberg.ch\/de\/wp-content\/uploads\/2024\/03\/lOGO.png","width":225,"height":81,"caption":"Schmid Mogelsberg"},"image":{"@id":"https:\/\/www.schmid-mogelsberg.ch\/de\/#\/schema\/logo\/image\/"},"sameAs":["https:\/\/www.facebook.com\/Schmid.Mogelsberg.AG","https:\/\/ch.linkedin.com\/company\/schmid-mogelsberg-ag"]}]}},"_links":{"self":[{"href":"https:\/\/www.schmid-mogelsberg.ch\/de\/wp-json\/wp\/v2\/pages\/148","targetHints":{"allow":["GET"]}}],"collection":[{"href":"https:\/\/www.schmid-mogelsberg.ch\/de\/wp-json\/wp\/v2\/pages"}],"about":[{"href":"https:\/\/www.schmid-mogelsberg.ch\/de\/wp-json\/wp\/v2\/types\/page"}],"author":[{"embeddable":true,"href":"https:\/\/www.schmid-mogelsberg.ch\/de\/wp-json\/wp\/v2\/users\/3"}],"replies":[{"embeddable":true,"href":"https:\/\/www.schmid-mogelsberg.ch\/de\/wp-json\/wp\/v2\/comments?post=148"}],"version-history":[{"count":1,"href":"https:\/\/www.schmid-mogelsberg.ch\/de\/wp-json\/wp\/v2\/pages\/148\/revisions"}],"predecessor-version":[{"id":1089036,"href":"https:\/\/www.schmid-mogelsberg.ch\/de\/wp-json\/wp\/v2\/pages\/148\/revisions\/1089036"}],"wp:attachment":[{"href":"https:\/\/www.schmid-mogelsberg.ch\/de\/wp-json\/wp\/v2\/media?parent=148"}],"curies":[{"name":"wp","href":"https:\/\/api.w.org\/{rel}","templated":true}]}}