{"id":31,"date":"2024-03-31T03:56:47","date_gmt":"2024-03-31T03:56:47","guid":{"rendered":"https:\/\/www.schmid-mogelsberg.ch\/de\/?page_id=31"},"modified":"2025-11-26T12:26:56","modified_gmt":"2025-11-26T12:26:56","slug":"druck","status":"publish","type":"page","link":"https:\/\/www.schmid-mogelsberg.ch\/de\/druck\/","title":{"rendered":"Druck"},"content":{"rendered":"<p>[et_pb_section fb_built=&#8220;1&#8243; _builder_version=&#8220;4.24.2&#8243; _module_preset=&#8220;default&#8220; background_image=&#8220;https:\/\/www.schmid-mogelsberg.ch\/de\/wp-content\/uploads\/2024\/04\/Img-Druck.webp&#8220; min_height=&#8220;230px&#8220; custom_padding=&#8220;||||false|false&#8220; global_colors_info=&#8220;{}&#8220;][\/et_pb_section][et_pb_section fb_built=&#8220;1&#8243; _builder_version=&#8220;4.24.2&#8243; _module_preset=&#8220;default&#8220; custom_padding=&#8220;20px||10px||false|false&#8220; global_colors_info=&#8220;{}&#8220;][et_pb_row use_custom_gutter=&#8220;on&#8220; gutter_width=&#8220;1&#8243; custom_padding_last_edited=&#8220;on|phone&#8220; _builder_version=&#8220;4.24.2&#8243; _module_preset=&#8220;default&#8220; width_tablet=&#8220;95%&#8220; width_phone=&#8220;95%&#8220; width_last_edited=&#8220;on|phone&#8220; custom_padding_tablet=&#8220;||0px||false|false&#8220; custom_padding_phone=&#8220;||0px||false|false&#8220; global_colors_info=&#8220;{}&#8220;][et_pb_column type=&#8220;4_4&#8243; _builder_version=&#8220;4.24.2&#8243; _module_preset=&#8220;default&#8220; custom_padding=&#8220;||||false|false&#8220; global_colors_info=&#8220;{}&#8220;][et_pb_text _builder_version=&#8220;4.27.0&#8243; _module_preset=&#8220;default&#8220; text_font=&#8220;FuturaDemi-Bold|300|||||||&#8220; text_font_size=&#8220;17px&#8220; text_line_height=&#8220;1.3em&#8220; link_font=&#8220;Futura-Book||||||||&#8220; link_text_color=&#8220;#000000&#8243; custom_margin=&#8220;||||false|false&#8220; custom_padding=&#8220;|2px||2px|false|true&#8220; global_colors_info=&#8220;{}&#8220;]<\/p>\n<p><a href=\"https:\/\/www.schmid-mogelsberg.ch\/de\/\">Home<\/a>\u00a0 &gt;\u00a0 <strong>Druck<\/strong><\/p>\n<p>[\/et_pb_text][\/et_pb_column][\/et_pb_row][\/et_pb_section][et_pb_section fb_built=&#8220;1&#8243; _builder_version=&#8220;4.24.2&#8243; _module_preset=&#8220;default&#8220; custom_padding=&#8220;0px||0px||true|false&#8220; global_colors_info=&#8220;{}&#8220;][et_pb_row _builder_version=&#8220;4.24.2&#8243; _module_preset=&#8220;default&#8220; width_tablet=&#8220;95%&#8220; width_phone=&#8220;95%&#8220; width_last_edited=&#8220;on|phone&#8220; global_colors_info=&#8220;{}&#8220;][et_pb_column type=&#8220;4_4&#8243; _builder_version=&#8220;4.24.2&#8243; _module_preset=&#8220;default&#8220; global_colors_info=&#8220;{}&#8220;][et_pb_text _builder_version=&#8220;4.27.0&#8243; _module_preset=&#8220;default&#8220; text_font=&#8220;FUTURA65MEDIUM|700|||||||&#8220; text_font_size=&#8220;40px&#8220; text_line_height=&#8220;1.3em&#8220; custom_margin=&#8220;||||false|false&#8220; custom_margin_tablet=&#8220;25px||||false|false&#8220; custom_margin_phone=&#8220;25px||||false|false&#8220; custom_margin_last_edited=&#8220;on|phone&#8220; text_font_size_tablet=&#8220;35px&#8220; text_font_size_phone=&#8220;25px&#8220; text_line_height_tablet=&#8220;1.3em&#8220; text_line_height_phone=&#8220;1.2em&#8220; text_line_height_last_edited=&#8220;on|phone&#8220; global_colors_info=&#8220;{}&#8220;]<\/p>\n<h2>SCHMID MOGELSBERG AG<\/h2>\n<p>[\/et_pb_text][et_pb_text content_tablet=&#8220;<\/p>\n<h1>Intelligenter Einsatz moderner Drucktechnologie<\/h1>\n<p>&#8220; content_phone=&#8220;<\/p>\n<h1>Intelligenter Einsatz moderner Druck-technologie<\/h1>\n<p>&#8220; content_last_edited=&#8220;on|phone&#8220; _builder_version=&#8220;4.27.4&#8243; _module_preset=&#8220;default&#8220; text_font=&#8220;FUTURA55REGULAR|700|||||||&#8220; text_font_size=&#8220;80px&#8220; text_line_height=&#8220;1.1em&#8220; text_font_size_tablet=&#8220;38px&#8220; text_font_size_phone=&#8220;40px&#8220; text_font_size_last_edited=&#8220;on|tablet&#8220; text_line_height_tablet=&#8220;&#8220; text_line_height_phone=&#8220;1.2em&#8220; text_line_height_last_edited=&#8220;on|phone&#8220; header_font_size_tablet=&#8220;&#8220; header_font_size_phone=&#8220;3rem&#8220; header_font_size_last_edited=&#8220;on|phone&#8220; global_colors_info=&#8220;{}&#8220;]<\/p>\n<h1>Digitaldruck und Offsetdruck in der Ostschweiz \u2013 Moderne Drucktechnologien<\/h1>\n<p>[\/et_pb_text][\/et_pb_column][\/et_pb_row][et_pb_row use_custom_gutter=&#8220;on&#8220; gutter_width=&#8220;2&#8243; custom_padding_last_edited=&#8220;on|phone&#8220; _builder_version=&#8220;4.24.2&#8243; _module_preset=&#8220;default&#8220; width_tablet=&#8220;95%&#8220; width_phone=&#8220;95%&#8220; width_last_edited=&#8220;on|phone&#8220; custom_padding=&#8220;0px||||false|false&#8220; custom_padding_tablet=&#8220;||0px||false|false&#8220; custom_padding_phone=&#8220;||0px||false|false&#8220; global_colors_info=&#8220;{}&#8220;][et_pb_column type=&#8220;4_4&#8243; _builder_version=&#8220;4.24.2&#8243; _module_preset=&#8220;default&#8220; custom_padding=&#8220;||||false|false&#8220; global_colors_info=&#8220;{}&#8220;][et_pb_text _builder_version=&#8220;4.27.4&#8243; _module_preset=&#8220;default&#8220; custom_margin=&#8220;||||false|false&#8220; custom_padding=&#8220;|2px||2px|false|true&#8220; custom_padding_tablet=&#8220;10px||10px||true|true&#8220; custom_padding_phone=&#8220;10px|2px|10px|2px|true|true&#8220; custom_padding_last_edited=&#8220;on|tablet&#8220; global_colors_info=&#8220;{}&#8220;]<\/p>\n<p class=\"x_MsoNormal\">Mit einem umfassenden Angebot an Druckverfahren bringen wir von der Schmid Mogelsberg AG die Visionen unserer Kundschaft aufs Papier. Wir bieten ein breites Spektrum an Technologien und Techniken, die alle Anforderungen erf\u00fcllen und das beste Ergebnis garantieren.<\/p>\n<p class=\"x_MsoNormal\"><strong><span style=\"color: #000000;\">Digitaldruck Inkjet<\/span><\/strong>: Ideal f\u00fcr hochaufl\u00f6sende Drucke, die gestochen scharf und pr\u00e4zise sein m\u00fcssen. Mit dieser Technik drucken wir in feinster Detailtreue. Perfekt f\u00fcr hochwertige Produktionen in kleineren bis mittleren Auflagen, farbintensive Poster bis A3 oder personalisierte Druckerzeugnisse aller Art.<\/p>\n<p class=\"x_MsoNormal\"><strong>Digitaldruck Tonerbasierend<\/strong>: Ob kleine oder variable Auflagen \u2013 hier profitieren unsere Kunden von kurzen Produktionszeiten und der M\u00f6glichkeit von Weiss-, Gold- und Silberdruck. Ob personalisierte Werbematerialien, Mailings etc. Die optimale L\u00f6sung f\u00fcr perfekte, individuelle und zielgerichtete Kommunikation.<\/p>\n<p class=\"x_MsoNormal\"><strong>Offsetdruck<\/strong>: Neben den modernen Verfahren beherrschen wir auch klassische Drucktechniken, die besonders bei hochwertigen Produktionen im mittleren bis hohen Auflagensegment zum Zuge kommen.<\/p>\n<p class=\"x_MsoNormal\">Gemeinsam lassen wir Druckprojekte zum Leben erwecken \u2013 mit modernster Technologie, umfassendem Know-how und einem klaren Fokus auf Qualit\u00e4t.<\/p>\n<p>[\/et_pb_text][\/et_pb_column][\/et_pb_row][\/et_pb_section]<\/p>\n","protected":false},"excerpt":{"rendered":"<p>Druckl\u00f6sungen einer Ostschweizer Druckerei von Appenzell \u00fcber St. Gallen bis Wil.<\/p>\n","protected":false},"author":3,"featured_media":0,"parent":0,"menu_order":0,"comment_status":"closed","ping_status":"closed","template":"","meta":{"_et_pb_use_builder":"on","_et_pb_old_content":"","_et_gb_content_width":"","footnotes":""},"class_list":["post-31","page","type-page","status-publish","hentry"],"yoast_head":"<!-- This site is optimized with the Yoast SEO plugin v27.3 - https:\/\/yoast.com\/product\/yoast-seo-wordpress\/ -->\n<title>Druckerei Ostschweiz | Offset &amp; Digitaldruck | Schmid Mogelsberg AG<\/title>\n<meta name=\"description\" content=\"Druckerei in der Ostschweiz \u2013 t\u00e4tig von Appenzell \u00fcber St. Gallen bis Wil: Offsetdruck, Digitaldruck und individuelle Druckl\u00f6sungen.\" \/>\n<meta name=\"robots\" content=\"index, follow, max-snippet:-1, max-image-preview:large, max-video-preview:-1\" \/>\n<link rel=\"canonical\" href=\"https:\/\/www.schmid-mogelsberg.ch\/de\/druck\/\" \/>\n<meta property=\"og:locale\" content=\"de_DE\" \/>\n<meta property=\"og:type\" content=\"article\" \/>\n<meta property=\"og:title\" content=\"Druckerei Ostschweiz | Schmid Mogelsberg AG\" \/>\n<meta property=\"og:description\" content=\"Ostschweizer Druckerei mit regionaler Pr\u00e4senz in Appenzell, St. Gallen und Wil \u2013 hochwertige Druckservices.\" \/>\n<meta property=\"og:url\" content=\"https:\/\/www.schmid-mogelsberg.ch\/de\/druck\/\" \/>\n<meta property=\"og:site_name\" content=\"Schmid Mogelsberg\" \/>\n<meta property=\"article:publisher\" content=\"https:\/\/www.facebook.com\/Schmid.Mogelsberg.AG\" \/>\n<meta property=\"article:modified_time\" content=\"2025-11-26T12:26:56+00:00\" \/>\n<meta name=\"twitter:card\" content=\"summary_large_image\" \/>\n<meta name=\"twitter:title\" content=\"Druckerei Ostschweiz | Schmid Mogelsberg AG\" \/>\n<meta name=\"twitter:description\" content=\"Druckl\u00f6sungen aus der Ostschweiz \u2013 aktiv in Appenzell, St. Gallen und Wil.\" \/>\n<meta name=\"twitter:label1\" content=\"Gesch\u00e4tzte Lesezeit\" \/>\n\t<meta name=\"twitter:data1\" content=\"3\u00a0Minuten\" \/>\n<script type=\"application\/ld+json\" class=\"yoast-schema-graph\">{\"@context\":\"https:\\\/\\\/schema.org\",\"@graph\":[{\"@type\":\"WebPage\",\"@id\":\"https:\\\/\\\/www.schmid-mogelsberg.ch\\\/de\\\/druck\\\/\",\"url\":\"https:\\\/\\\/www.schmid-mogelsberg.ch\\\/de\\\/druck\\\/\",\"name\":\"Druckerei Ostschweiz | Offset &amp; Digitaldruck | Schmid Mogelsberg AG\",\"isPartOf\":{\"@id\":\"https:\\\/\\\/www.schmid-mogelsberg.ch\\\/de\\\/#website\"},\"datePublished\":\"2024-03-31T03:56:47+00:00\",\"dateModified\":\"2025-11-26T12:26:56+00:00\",\"description\":\"Druckerei in der Ostschweiz \u2013 t\u00e4tig von Appenzell \u00fcber St. Gallen bis Wil: Offsetdruck, Digitaldruck und individuelle Druckl\u00f6sungen.\",\"breadcrumb\":{\"@id\":\"https:\\\/\\\/www.schmid-mogelsberg.ch\\\/de\\\/druck\\\/#breadcrumb\"},\"inLanguage\":\"de\",\"potentialAction\":[{\"@type\":\"ReadAction\",\"target\":[\"https:\\\/\\\/www.schmid-mogelsberg.ch\\\/de\\\/druck\\\/\"]}]},{\"@type\":\"BreadcrumbList\",\"@id\":\"https:\\\/\\\/www.schmid-mogelsberg.ch\\\/de\\\/druck\\\/#breadcrumb\",\"itemListElement\":[{\"@type\":\"ListItem\",\"position\":1,\"name\":\"Startseite\",\"item\":\"https:\\\/\\\/www.schmid-mogelsberg.ch\\\/de\\\/\"},{\"@type\":\"ListItem\",\"position\":2,\"name\":\"Druck\"}]},{\"@type\":\"WebSite\",\"@id\":\"https:\\\/\\\/www.schmid-mogelsberg.ch\\\/de\\\/#website\",\"url\":\"https:\\\/\\\/www.schmid-mogelsberg.ch\\\/de\\\/\",\"name\":\"Schmid Mogelsberg\",\"description\":\"Ihre Druckerei auf der H\u00f6he\",\"publisher\":{\"@id\":\"https:\\\/\\\/www.schmid-mogelsberg.ch\\\/de\\\/#organization\"},\"potentialAction\":[{\"@type\":\"SearchAction\",\"target\":{\"@type\":\"EntryPoint\",\"urlTemplate\":\"https:\\\/\\\/www.schmid-mogelsberg.ch\\\/de\\\/?s={search_term_string}\"},\"query-input\":{\"@type\":\"PropertyValueSpecification\",\"valueRequired\":true,\"valueName\":\"search_term_string\"}}],\"inLanguage\":\"de\"},{\"@type\":\"Organization\",\"@id\":\"https:\\\/\\\/www.schmid-mogelsberg.ch\\\/de\\\/#organization\",\"name\":\"Schmid Mogelsberg\",\"url\":\"https:\\\/\\\/www.schmid-mogelsberg.ch\\\/de\\\/\",\"logo\":{\"@type\":\"ImageObject\",\"inLanguage\":\"de\",\"@id\":\"https:\\\/\\\/www.schmid-mogelsberg.ch\\\/de\\\/#\\\/schema\\\/logo\\\/image\\\/\",\"url\":\"https:\\\/\\\/www.schmid-mogelsberg.ch\\\/de\\\/wp-content\\\/uploads\\\/2024\\\/03\\\/lOGO.png\",\"contentUrl\":\"https:\\\/\\\/www.schmid-mogelsberg.ch\\\/de\\\/wp-content\\\/uploads\\\/2024\\\/03\\\/lOGO.png\",\"width\":225,\"height\":81,\"caption\":\"Schmid Mogelsberg\"},\"image\":{\"@id\":\"https:\\\/\\\/www.schmid-mogelsberg.ch\\\/de\\\/#\\\/schema\\\/logo\\\/image\\\/\"},\"sameAs\":[\"https:\\\/\\\/www.facebook.com\\\/Schmid.Mogelsberg.AG\",\"https:\\\/\\\/ch.linkedin.com\\\/company\\\/schmid-mogelsberg-ag\"]}]}<\/script>\n<!-- \/ Yoast SEO plugin. -->","yoast_head_json":{"title":"Druckerei Ostschweiz | Offset &amp; Digitaldruck | Schmid Mogelsberg AG","description":"Druckerei in der Ostschweiz \u2013 t\u00e4tig von Appenzell \u00fcber St. Gallen bis Wil: Offsetdruck, Digitaldruck und individuelle Druckl\u00f6sungen.","robots":{"index":"index","follow":"follow","max-snippet":"max-snippet:-1","max-image-preview":"max-image-preview:large","max-video-preview":"max-video-preview:-1"},"canonical":"https:\/\/www.schmid-mogelsberg.ch\/de\/druck\/","og_locale":"de_DE","og_type":"article","og_title":"Druckerei Ostschweiz | Schmid Mogelsberg AG","og_description":"Ostschweizer Druckerei mit regionaler Pr\u00e4senz in Appenzell, St. Gallen und Wil \u2013 hochwertige Druckservices.","og_url":"https:\/\/www.schmid-mogelsberg.ch\/de\/druck\/","og_site_name":"Schmid Mogelsberg","article_publisher":"https:\/\/www.facebook.com\/Schmid.Mogelsberg.AG","article_modified_time":"2025-11-26T12:26:56+00:00","twitter_card":"summary_large_image","twitter_title":"Druckerei Ostschweiz | Schmid Mogelsberg AG","twitter_description":"Druckl\u00f6sungen aus der Ostschweiz \u2013 aktiv in Appenzell, St. Gallen und Wil.","twitter_misc":{"Gesch\u00e4tzte Lesezeit":"3\u00a0Minuten"},"schema":{"@context":"https:\/\/schema.org","@graph":[{"@type":"WebPage","@id":"https:\/\/www.schmid-mogelsberg.ch\/de\/druck\/","url":"https:\/\/www.schmid-mogelsberg.ch\/de\/druck\/","name":"Druckerei Ostschweiz | Offset &amp; Digitaldruck | Schmid Mogelsberg AG","isPartOf":{"@id":"https:\/\/www.schmid-mogelsberg.ch\/de\/#website"},"datePublished":"2024-03-31T03:56:47+00:00","dateModified":"2025-11-26T12:26:56+00:00","description":"Druckerei in der Ostschweiz \u2013 t\u00e4tig von Appenzell \u00fcber St. Gallen bis Wil: Offsetdruck, Digitaldruck und individuelle Druckl\u00f6sungen.","breadcrumb":{"@id":"https:\/\/www.schmid-mogelsberg.ch\/de\/druck\/#breadcrumb"},"inLanguage":"de","potentialAction":[{"@type":"ReadAction","target":["https:\/\/www.schmid-mogelsberg.ch\/de\/druck\/"]}]},{"@type":"BreadcrumbList","@id":"https:\/\/www.schmid-mogelsberg.ch\/de\/druck\/#breadcrumb","itemListElement":[{"@type":"ListItem","position":1,"name":"Startseite","item":"https:\/\/www.schmid-mogelsberg.ch\/de\/"},{"@type":"ListItem","position":2,"name":"Druck"}]},{"@type":"WebSite","@id":"https:\/\/www.schmid-mogelsberg.ch\/de\/#website","url":"https:\/\/www.schmid-mogelsberg.ch\/de\/","name":"Schmid Mogelsberg","description":"Ihre Druckerei auf der H\u00f6he","publisher":{"@id":"https:\/\/www.schmid-mogelsberg.ch\/de\/#organization"},"potentialAction":[{"@type":"SearchAction","target":{"@type":"EntryPoint","urlTemplate":"https:\/\/www.schmid-mogelsberg.ch\/de\/?s={search_term_string}"},"query-input":{"@type":"PropertyValueSpecification","valueRequired":true,"valueName":"search_term_string"}}],"inLanguage":"de"},{"@type":"Organization","@id":"https:\/\/www.schmid-mogelsberg.ch\/de\/#organization","name":"Schmid Mogelsberg","url":"https:\/\/www.schmid-mogelsberg.ch\/de\/","logo":{"@type":"ImageObject","inLanguage":"de","@id":"https:\/\/www.schmid-mogelsberg.ch\/de\/#\/schema\/logo\/image\/","url":"https:\/\/www.schmid-mogelsberg.ch\/de\/wp-content\/uploads\/2024\/03\/lOGO.png","contentUrl":"https:\/\/www.schmid-mogelsberg.ch\/de\/wp-content\/uploads\/2024\/03\/lOGO.png","width":225,"height":81,"caption":"Schmid Mogelsberg"},"image":{"@id":"https:\/\/www.schmid-mogelsberg.ch\/de\/#\/schema\/logo\/image\/"},"sameAs":["https:\/\/www.facebook.com\/Schmid.Mogelsberg.AG","https:\/\/ch.linkedin.com\/company\/schmid-mogelsberg-ag"]}]}},"_links":{"self":[{"href":"https:\/\/www.schmid-mogelsberg.ch\/de\/wp-json\/wp\/v2\/pages\/31","targetHints":{"allow":["GET"]}}],"collection":[{"href":"https:\/\/www.schmid-mogelsberg.ch\/de\/wp-json\/wp\/v2\/pages"}],"about":[{"href":"https:\/\/www.schmid-mogelsberg.ch\/de\/wp-json\/wp\/v2\/types\/page"}],"author":[{"embeddable":true,"href":"https:\/\/www.schmid-mogelsberg.ch\/de\/wp-json\/wp\/v2\/users\/3"}],"replies":[{"embeddable":true,"href":"https:\/\/www.schmid-mogelsberg.ch\/de\/wp-json\/wp\/v2\/comments?post=31"}],"version-history":[{"count":5,"href":"https:\/\/www.schmid-mogelsberg.ch\/de\/wp-json\/wp\/v2\/pages\/31\/revisions"}],"predecessor-version":[{"id":1089055,"href":"https:\/\/www.schmid-mogelsberg.ch\/de\/wp-json\/wp\/v2\/pages\/31\/revisions\/1089055"}],"wp:attachment":[{"href":"https:\/\/www.schmid-mogelsberg.ch\/de\/wp-json\/wp\/v2\/media?parent=31"}],"curies":[{"name":"wp","href":"https:\/\/api.w.org\/{rel}","templated":true}]}}