{"id":586,"date":"2024-04-08T04:34:44","date_gmt":"2024-04-08T04:34:44","guid":{"rendered":"https:\/\/www.schmid-mogelsberg.ch\/de\/?page_id=586"},"modified":"2025-11-25T10:05:17","modified_gmt":"2025-11-25T10:05:17","slug":"verlagerung-produktion","status":"publish","type":"page","link":"https:\/\/www.schmid-mogelsberg.ch\/de\/verlagerung-produktion\/","title":{"rendered":"Verlagerung Produktion"},"content":{"rendered":"<p>[et_pb_section fb_built=&#8220;1&#8243; _builder_version=&#8220;4.24.2&#8243; _module_preset=&#8220;default&#8220; custom_padding=&#8220;0px||0px||true|false&#8220; global_module=&#8220;1088823&#8243; saved_tabs=&#8220;all&#8220; locked=&#8220;off&#8220; global_colors_info=&#8220;{}&#8220;][et_pb_row _builder_version=&#8220;4.24.2&#8243; _module_preset=&#8220;default&#8220; width=&#8220;100%&#8220; max_width=&#8220;100%&#8220; custom_padding=&#8220;0px||0px||true|false&#8220; global_colors_info=&#8220;{}&#8220;][et_pb_column type=&#8220;4_4&#8243; _builder_version=&#8220;4.24.2&#8243; _module_preset=&#8220;default&#8220; global_colors_info=&#8220;{}&#8220;][et_pb_slider _builder_version=&#8220;4.27.0&#8243; _module_preset=&#8220;fed7030d-fc6e-4687-8127-828479d564ce&#8220; global_colors_info=&#8220;{}&#8220;][et_pb_slide heading=&#8220;SCHMID MOGELSBERG AG&#8220; _builder_version=&#8220;4.27.0&#8243; _module_preset=&#8220;default&#8220; header_font=&#8220;FuturaDemi-Bold|300|||||||&#8220; header_text_align=&#8220;right&#8220; header_text_color=&#8220;#1c1c1c&#8220; header_font_size=&#8220;100px&#8220; body_font=&#8220;Futura-Book|300|||||||&#8220; body_text_align=&#8220;right&#8220; body_text_color=&#8220;#000000&#8243; body_font_size=&#8220;33px&#8220; background_enable_color=&#8220;off&#8220; background_image=&#8220;https:\/\/www.schmid-mogelsberg.ch\/de\/wp-content\/uploads\/2024\/04\/gebaeude_bearb-2000w.webp&#8220; background_enable_image=&#8220;on&#8220; header_font_size_tablet=&#8220;40px&#8220; header_font_size_phone=&#8220;22px&#8220; header_font_size_last_edited=&#8220;on|phone&#8220; body_font_size_tablet=&#8220;20px&#8220; body_font_size_phone=&#8220;14px&#8220; body_font_size_last_edited=&#8220;on|phone&#8220; global_colors_info=&#8220;{}&#8220; sticky_transition=&#8220;on&#8220;]<\/p>\n<p>IHRE DRUCKEREI AUF DER H\u00d6HE<\/p>\n<p>[\/et_pb_slide][et_pb_slide heading=&#8220;MEDIPRINT&#8220; _builder_version=&#8220;4.27.0&#8243; _module_preset=&#8220;default&#8220; header_font=&#8220;FuturaDemi-Bold|300|||||||&#8220; header_text_align=&#8220;right&#8220; header_text_color=&#8220;#1c1c1c&#8220; header_font_size=&#8220;100px&#8220; body_font=&#8220;Futura-Book||||||||&#8220; body_text_align=&#8220;right&#8220; body_text_color=&#8220;#000000&#8243; body_font_size=&#8220;33px&#8220; background_enable_color=&#8220;off&#8220; background_image=&#8220;https:\/\/www.schmid-mogelsberg.ch\/de\/wp-content\/uploads\/2024\/04\/Mediprint.webp&#8220; background_enable_image=&#8220;on&#8220; header_font_size_tablet=&#8220;40px&#8220; header_font_size_phone=&#8220;22px&#8220; header_font_size_last_edited=&#8220;on|phone&#8220; body_font_size_tablet=&#8220;20px&#8220; body_font_size_phone=&#8220;14px&#8220; body_font_size_last_edited=&#8220;on|phone&#8220; global_colors_info=&#8220;{}&#8220; body_text_color__hover_enabled=&#8220;off|desktop&#8220; sticky_transition=&#8220;on&#8220;]<\/p>\n<p>\u00dcBER 9.000 KUNDEN IN DER SCHWEIZ VERTRAUEN SCHMID MOGELSBERG AG.<\/p>\n<p>[\/et_pb_slide][\/et_pb_slider][\/et_pb_column][\/et_pb_row][\/et_pb_section][et_pb_section fb_built=&#8220;1&#8243; _builder_version=&#8220;4.24.2&#8243; _module_preset=&#8220;default&#8220; custom_padding=&#8220;50px||0px||false|false&#8220; global_colors_info=&#8220;{}&#8220;][et_pb_row column_structure=&#8220;3_4,1_4&#8243; _builder_version=&#8220;4.24.2&#8243; _module_preset=&#8220;default&#8220; width_tablet=&#8220;95%&#8220; width_phone=&#8220;95%&#8220; width_last_edited=&#8220;on|phone&#8220; max_width=&#8220;1200px&#8220; custom_padding=&#8220;0px||||false|false&#8220; global_colors_info=&#8220;{}&#8220;][et_pb_column type=&#8220;3_4&#8243; _builder_version=&#8220;4.24.2&#8243; _module_preset=&#8220;default&#8220; global_colors_info=&#8220;{}&#8220;][et_pb_text disabled_on=&#8220;on|on|on&#8220; _builder_version=&#8220;4.24.2&#8243; _module_preset=&#8220;_initial&#8220; custom_margin=&#8220;||10px||false|false&#8220; custom_padding=&#8220;|2px||2px|false|true&#8220; custom_padding_tablet=&#8220;10px||10px||true|true&#8220; custom_padding_phone=&#8220;10px|2px|10px|2px|true|true&#8220; custom_padding_last_edited=&#8220;on|tablet&#8220; disabled=&#8220;on&#8220; global_colors_info=&#8220;{}&#8220;]<\/p>\n<p>Share:<\/p>\n<p>[\/et_pb_text][et_pb_social_media_follow disabled_on=&#8220;on|on|on&#8220; _builder_version=&#8220;4.24.2&#8243; _module_preset=&#8220;default&#8220; custom_margin=&#8220;||0px||false|false&#8220; disabled=&#8220;on&#8220; global_colors_info=&#8220;{}&#8220;][et_pb_social_media_follow_network social_network=&#8220;facebook&#8220; url=&#8220;https:\/\/www.facebook.com\/login.php?skip_api_login=1&#038;api_key=966242223397117&#038;signed_next=1&#038;next=https%3A%2F%2Fwww.facebook.com%2Fsharer%2Fsharer.php%3Fu%3Dhttps%253A%252F%252Fdevelopers.facebook.com%252Fdocs%252Fplugins%252F%26src%3Dsdkpreparse&#038;cancel_url=https%3A%2F%2Fwww.facebook.com%2Fdialog%2Fclose_window%2F%3Fapp_id%3D966242223397117%26connect%3D0%23_%3D_&#038;display=popup&#038;locale=es_ES&#8220; use_icon_font_size=&#8220;on&#8220; _builder_version=&#8220;4.24.2&#8243; _module_preset=&#8220;default&#8220; background_color=&#8220;#a9c300&#8243; background_enable_color=&#8220;on&#8220; border_radii=&#8220;on|50px|50px|50px|50px&#8220; global_colors_info=&#8220;{}&#8220; follow_button=&#8220;off&#8220; url_new_window=&#8220;on&#8220;]facebook[\/et_pb_social_media_follow_network][et_pb_social_media_follow_network social_network=&#8220;twitter&#8220; url=&#8220;https:\/\/twitter.com\/intent\/post?url=https%3A%2F%2Fwww.schmid-mogelsberg.ch%2Fnews%2Fentries%2Fneues-personalienblatt&#038;text=Neues%20Personalienblatt%20-&#8220; use_icon_font_size=&#8220;on&#8220; _builder_version=&#8220;4.24.2&#8243; _module_preset=&#8220;default&#8220; background_color=&#8220;#a9c300&#8243; background_enable_color=&#8220;on&#8220; border_radii=&#8220;on|50px|50px|50px|50px&#8220; global_colors_info=&#8220;{}&#8220; follow_button=&#8220;off&#8220; url_new_window=&#8220;on&#8220;]X[\/et_pb_social_media_follow_network][\/et_pb_social_media_follow][et_pb_text _builder_version=&#8220;4.27.4&#8243; _module_preset=&#8220;_initial&#8220; text_font=&#8220;FuturaDemi-Bold|700|||||||&#8220; text_font_size=&#8220;24px&#8220; text_line_height=&#8220;1.3em&#8220; custom_margin=&#8220;||0px||false|false&#8220; custom_margin_tablet=&#8220;25px||||false|false&#8220; custom_margin_phone=&#8220;25px||||false|false&#8220; custom_margin_last_edited=&#8220;on|phone&#8220; text_line_height_tablet=&#8220;1.3em&#8220; text_line_height_phone=&#8220;1.2em&#8220; text_line_height_last_edited=&#8220;on|phone&#8220; global_colors_info=&#8220;{}&#8220;]<\/p>\n<p>24.09.2025<\/p>\n<p>[\/et_pb_text][et_pb_text _builder_version=&#8220;4.27.0&#8243; _module_preset=&#8220;_initial&#8220; text_font=&#8220;FUTURA55REGULAR|700|||||||&#8220; text_font_size=&#8220;80px&#8220; text_line_height=&#8220;1.1em&#8220; header_font=&#8220;FuturaDemi-Bold|900|||||||&#8220; header_text_color=&#8220;#1c1c1c&#8220; header_font_size=&#8220;80px&#8220; text_font_size_tablet=&#8220;38px&#8220; text_font_size_phone=&#8220;40px&#8220; text_font_size_last_edited=&#8220;on|tablet&#8220; text_line_height_tablet=&#8220;&#8220; text_line_height_phone=&#8220;1.2em&#8220; text_line_height_last_edited=&#8220;on|phone&#8220; global_colors_info=&#8220;{}&#8220;]<\/p>\n<h1>Schmid Mogelsberg AG verlagert Produktion \u2013<br \/>Standort Mogelsberg wird langfristig gesichert<\/h1>\n<p>[\/et_pb_text][et_pb_text _builder_version=&#8220;4.27.0&#8243; _module_preset=&#8220;_initial&#8220; link_font=&#8220;FuturaDemi-Bold||||on||||&#8220; link_text_color=&#8220;#a9c300&#8243; custom_margin=&#8220;||||false|false&#8220; custom_padding=&#8220;13px|2px||2px|false|true&#8220; custom_padding_tablet=&#8220;10px||10px||true|true&#8220; custom_padding_phone=&#8220;10px|2px|10px|2px|true|true&#8220; custom_padding_last_edited=&#8220;on|tablet&#8220; global_colors_info=&#8220;{}&#8220;]<\/p>\n<p><strong>Die Druckerei Schmid Mogelsberg AG stellt sich f\u00fcr die Zukunft neu auf: Bis sp\u00e4testens <\/strong><strong>2028 wird die Produktion schrittweise an den zweiten Standort in Wittenbach verlagert. <\/strong><strong>Kundenservice, Druckvorstufe, Beratung und Administration bleiben weiterhin in<\/strong><br \/><strong>Mogelsberg \u2013 ebenso alle Arbeitspl\u00e4tze, ausser bei ordentlichen Pensionierungen.<\/strong><\/p>\n<p>\u00abWir haben diesen Schritt mit grosser Sorgfalt vorbereitet und gehen ihn mit Verantwortung\u00bb, so Michael Hochreutener und Volker Koturba, Co-Gesch\u00e4ftsf\u00fchrer der Schmid Mogelsberg AG. \u00abUns ist wichtig, die Zukunftsf\u00e4higkeit des Unternehmens zu sichern und gleichzeitig unsere Werte \u2013 N\u00e4he, Qualit\u00e4t und Vertrauen \u2013 konsequent weiterzutragen.\u00bb<\/p>\n<p><strong>Hintergrund des Entscheids<\/strong><\/p>\n<p>Die bestehende Infrastruktur in Mogelsberg st\u00f6sst an ihre Grenzen. Zudem ver\u00e4ndert sich die Druck- und Kommunikationsbranche rasant: neue Technologien, steigende Anspr\u00fcche an Energieeffizienz, Fachkr\u00e4ftemangel und wachsender Investitionsdruck pr\u00e4gen den Markt. \u00abMit der Zusammenarbeit in Wittenbach mit unserem innovativen Druckpartner schaffen wir uns Zugang zu modernsten Produktionsm\u00f6glichkeiten, die wir allein in Mogelsberg nicht h\u00e4tten umsetzen k\u00f6nnen\u00bb, erkl\u00e4rt Volker Koturba. \u00abDas gibt uns Stabilit\u00e4t und erlaubt es, unseren Kunden auch in Zukunft h\u00f6chste Qualit\u00e4t zu bieten.\u00bb Ein sozialvertr\u00e4glicher Zeitpunkt erleichtert die Umsetzung: Vier Mitarbeitende treten im Jahr 2026 in den Ruhestand, was die Neuorganisation im Produktionsbereich abfedert.<\/p>\n<p><strong>Klare Verankerung in Mogelsberg<\/strong><\/p>\n<p>Trotz der Verlagerung der Produktion bekennt sich die Schmid Mogelsberg AG ausdr\u00fccklich zum Standort Mogelsberg. Der Firmenname, unsere Eigenst\u00e4ndigkeit und unser Standort in Mogelsberg bleiben bestehen. Auch k\u00fcnftig werden Kundenservice, Druckvorstufe, Beratung und Administration hier im Dorf angesiedelt sein. \u00abMogelsberg ist Teil unserer Identit\u00e4t\u00bb, betont Michael Hochreutener. \u00abUnsere Kundinnen und Kunden werden auch in Zukunft von denselben Ansprechpersonen betreut \u2013 direkt und nahbar, wie sie es seit Jahrzehnten gewohnt sind.\u00bb<\/p>\n<p>Nach dem Verkauf der heutigen Liegenschaft wird das Unternehmen ab 2028 eine Zwischenl\u00f6sung f\u00fcr B\u00fcro und Service nutzen, bevor sp\u00e4testens Ende 2029 ein neuer oder bestehender B\u00fcrostandort in Mogelsberg bezogen wird.<\/p>\n<p><strong>Die Schmid Mogelsberg AG bleibt, was sie ist \u2013 und wird dort st\u00e4rker, wo es n\u00f6tig ist.<\/strong><\/p>\n<p>\u00abVer\u00e4nderung bedeutet f\u00fcr uns keinen Bruch\u00bb, fassen die beiden Co-Gesch\u00e4ftsf\u00fchrer zusammen. \u00abSie ist Ausdruck unserer Verantwortung gegen\u00fcber unseren Mitarbeitenden, unseren Kunden und der Region. Wir wollen auch in den kommenden Jahrzehnten ein verl\u00e4sslicher Partner sein \u2013 und bleiben deshalb Mogelsberg treu.\u00bb<\/p>\n<p>&nbsp;<\/p>\n<p>[\/et_pb_text][\/et_pb_column][et_pb_column type=&#8220;1_4&#8243; _builder_version=&#8220;4.24.2&#8243; _module_preset=&#8220;default&#8220; background_enable_color=&#8220;off&#8220; custom_padding=&#8220;20px|20px|20px|20px|true|true&#8220; global_colors_info=&#8220;{}&#8220;][\/et_pb_column][\/et_pb_row][et_pb_row use_custom_gutter=&#8220;on&#8220; gutter_width=&#8220;2&#8243; custom_padding_last_edited=&#8220;on|phone&#8220; _builder_version=&#8220;4.24.2&#8243; _module_preset=&#8220;default&#8220; width_tablet=&#8220;95%&#8220; width_phone=&#8220;95%&#8220; width_last_edited=&#8220;on|phone&#8220; max_width=&#8220;1200px&#8220; custom_padding=&#8220;0px||||false|false&#8220; custom_padding_tablet=&#8220;||0px||false|false&#8220; custom_padding_phone=&#8220;||0px||false|false&#8220; global_colors_info=&#8220;{}&#8220;][et_pb_column type=&#8220;4_4&#8243; _builder_version=&#8220;4.24.2&#8243; _module_preset=&#8220;default&#8220; custom_padding=&#8220;||||false|false&#8220; global_colors_info=&#8220;{}&#8220;][et_pb_image src=&#8220;https:\/\/www.schmid-mogelsberg.ch\/de\/wp-content\/uploads\/2025\/09\/3.jpg&#8220; _builder_version=&#8220;4.27.4&#8243; _module_preset=&#8220;default&#8220; global_colors_info=&#8220;{}&#8220;][\/et_pb_image][et_pb_button button_url=&#8220;https:\/\/www.schmid-mogelsberg.ch\/de\/aktuelles\/news\/&#8220; button_text=&#8220;ZUR\u00dcCK&#8220; button_alignment=&#8220;left&#8220; button_alignment_tablet=&#8220;left&#8220; button_alignment_phone=&#8220;left&#8220; button_alignment_last_edited=&#8220;on|tablet&#8220; _builder_version=&#8220;4.27.0&#8243; _module_preset=&#8220;default&#8220; custom_button=&#8220;on&#8220; button_text_size=&#8220;18px&#8220; button_text_color=&#8220;#FFFFFF&#8220; button_bg_color=&#8220;#a9c300&#8243; button_border_width=&#8220;0px&#8220; button_font=&#8220;FuturaDemi-Bold||||||||&#8220; button_icon=&#8220;&#x34;||divi||400&#8243; button_icon_placement=&#8220;left&#8220; button_on_hover=&#8220;off&#8220; custom_padding=&#8220;|46px||46px|false|true&#8220; global_colors_info=&#8220;{}&#8220; button_bg_color__hover_enabled=&#8220;on|hover&#8220; button_bg_color__hover=&#8220;#325406&#8243; button_bg_enable_color__hover=&#8220;on&#8220;][\/et_pb_button][\/et_pb_column][\/et_pb_row][\/et_pb_section][et_pb_section fb_built=&#8220;1&#8243; _builder_version=&#8220;4.27.4&#8243; _module_preset=&#8220;default&#8220; global_colors_info=&#8220;{}&#8220;][et_pb_row _builder_version=&#8220;4.27.4&#8243; _module_preset=&#8220;default&#8220; global_colors_info=&#8220;{}&#8220;][et_pb_column type=&#8220;4_4&#8243; _builder_version=&#8220;4.27.4&#8243; _module_preset=&#8220;default&#8220; global_colors_info=&#8220;{}&#8220;][\/et_pb_column][\/et_pb_row][\/et_pb_section]<\/p>\n","protected":false},"excerpt":{"rendered":"<p>Informationen zur Produktionsverlagerung der Schmid Mogelsberg AG.<\/p>\n","protected":false},"author":3,"featured_media":0,"parent":0,"menu_order":0,"comment_status":"closed","ping_status":"closed","template":"","meta":{"_et_pb_use_builder":"on","_et_pb_old_content":"","_et_gb_content_width":"","footnotes":""},"class_list":["post-586","page","type-page","status-publish","hentry"],"yoast_head":"<!-- This site is optimized with the Yoast SEO plugin v27.3 - https:\/\/yoast.com\/product\/yoast-seo-wordpress\/ -->\n<title>Produktionsverlagerung | Schmid Mogelsberg AG Druckerei<\/title>\n<meta name=\"description\" content=\"Informationen zur Produktionsverlagerung der Schmid Mogelsberg AG \u2013 regionale Druckerei mit moderner Infrastruktur.\" \/>\n<meta name=\"robots\" content=\"index, follow, max-snippet:-1, max-image-preview:large, max-video-preview:-1\" \/>\n<link rel=\"canonical\" href=\"https:\/\/www.schmid-mogelsberg.ch\/de\/verlagerung-produktion\/\" \/>\n<meta property=\"og:locale\" content=\"de_DE\" \/>\n<meta property=\"og:type\" content=\"article\" \/>\n<meta property=\"og:title\" content=\"Produktionsverlagerung | Schmid Mogelsberg AG\" \/>\n<meta property=\"og:description\" content=\"Die Produktionsverlagerung der Schmid Mogelsberg AG \u2013 effizientere Abl\u00e4ufe und modernisierte Druckprozesse.\" \/>\n<meta property=\"og:url\" content=\"https:\/\/www.schmid-mogelsberg.ch\/de\/verlagerung-produktion\/\" \/>\n<meta property=\"og:site_name\" content=\"Schmid Mogelsberg\" \/>\n<meta property=\"article:publisher\" content=\"https:\/\/www.facebook.com\/Schmid.Mogelsberg.AG\" \/>\n<meta property=\"article:modified_time\" content=\"2025-11-25T10:05:17+00:00\" \/>\n<meta name=\"twitter:card\" content=\"summary_large_image\" \/>\n<meta name=\"twitter:title\" content=\"Produktionsverlagerung | Schmid Mogelsberg AG\" \/>\n<meta name=\"twitter:description\" content=\"Hintergr\u00fcnde zur Produktionsverlagerung der Schmid Mogelsberg AG.\" \/>\n<meta name=\"twitter:label1\" content=\"Gesch\u00e4tzte Lesezeit\" \/>\n\t<meta name=\"twitter:data1\" content=\"3\u00a0Minuten\" \/>\n<script type=\"application\/ld+json\" class=\"yoast-schema-graph\">{\"@context\":\"https:\\\/\\\/schema.org\",\"@graph\":[{\"@type\":\"WebPage\",\"@id\":\"https:\\\/\\\/www.schmid-mogelsberg.ch\\\/de\\\/verlagerung-produktion\\\/\",\"url\":\"https:\\\/\\\/www.schmid-mogelsberg.ch\\\/de\\\/verlagerung-produktion\\\/\",\"name\":\"Produktionsverlagerung | Schmid Mogelsberg AG Druckerei\",\"isPartOf\":{\"@id\":\"https:\\\/\\\/www.schmid-mogelsberg.ch\\\/de\\\/#website\"},\"datePublished\":\"2024-04-08T04:34:44+00:00\",\"dateModified\":\"2025-11-25T10:05:17+00:00\",\"description\":\"Informationen zur Produktionsverlagerung der Schmid Mogelsberg AG \u2013 regionale Druckerei mit moderner Infrastruktur.\",\"breadcrumb\":{\"@id\":\"https:\\\/\\\/www.schmid-mogelsberg.ch\\\/de\\\/verlagerung-produktion\\\/#breadcrumb\"},\"inLanguage\":\"de\",\"potentialAction\":[{\"@type\":\"ReadAction\",\"target\":[\"https:\\\/\\\/www.schmid-mogelsberg.ch\\\/de\\\/verlagerung-produktion\\\/\"]}]},{\"@type\":\"BreadcrumbList\",\"@id\":\"https:\\\/\\\/www.schmid-mogelsberg.ch\\\/de\\\/verlagerung-produktion\\\/#breadcrumb\",\"itemListElement\":[{\"@type\":\"ListItem\",\"position\":1,\"name\":\"Startseite\",\"item\":\"https:\\\/\\\/www.schmid-mogelsberg.ch\\\/de\\\/\"},{\"@type\":\"ListItem\",\"position\":2,\"name\":\"Verlagerung Produktion\"}]},{\"@type\":\"WebSite\",\"@id\":\"https:\\\/\\\/www.schmid-mogelsberg.ch\\\/de\\\/#website\",\"url\":\"https:\\\/\\\/www.schmid-mogelsberg.ch\\\/de\\\/\",\"name\":\"Schmid Mogelsberg\",\"description\":\"Ihre Druckerei auf der H\u00f6he\",\"publisher\":{\"@id\":\"https:\\\/\\\/www.schmid-mogelsberg.ch\\\/de\\\/#organization\"},\"potentialAction\":[{\"@type\":\"SearchAction\",\"target\":{\"@type\":\"EntryPoint\",\"urlTemplate\":\"https:\\\/\\\/www.schmid-mogelsberg.ch\\\/de\\\/?s={search_term_string}\"},\"query-input\":{\"@type\":\"PropertyValueSpecification\",\"valueRequired\":true,\"valueName\":\"search_term_string\"}}],\"inLanguage\":\"de\"},{\"@type\":\"Organization\",\"@id\":\"https:\\\/\\\/www.schmid-mogelsberg.ch\\\/de\\\/#organization\",\"name\":\"Schmid Mogelsberg\",\"url\":\"https:\\\/\\\/www.schmid-mogelsberg.ch\\\/de\\\/\",\"logo\":{\"@type\":\"ImageObject\",\"inLanguage\":\"de\",\"@id\":\"https:\\\/\\\/www.schmid-mogelsberg.ch\\\/de\\\/#\\\/schema\\\/logo\\\/image\\\/\",\"url\":\"https:\\\/\\\/www.schmid-mogelsberg.ch\\\/de\\\/wp-content\\\/uploads\\\/2024\\\/03\\\/lOGO.png\",\"contentUrl\":\"https:\\\/\\\/www.schmid-mogelsberg.ch\\\/de\\\/wp-content\\\/uploads\\\/2024\\\/03\\\/lOGO.png\",\"width\":225,\"height\":81,\"caption\":\"Schmid Mogelsberg\"},\"image\":{\"@id\":\"https:\\\/\\\/www.schmid-mogelsberg.ch\\\/de\\\/#\\\/schema\\\/logo\\\/image\\\/\"},\"sameAs\":[\"https:\\\/\\\/www.facebook.com\\\/Schmid.Mogelsberg.AG\",\"https:\\\/\\\/ch.linkedin.com\\\/company\\\/schmid-mogelsberg-ag\"]}]}<\/script>\n<!-- \/ Yoast SEO plugin. -->","yoast_head_json":{"title":"Produktionsverlagerung | Schmid Mogelsberg AG Druckerei","description":"Informationen zur Produktionsverlagerung der Schmid Mogelsberg AG \u2013 regionale Druckerei mit moderner Infrastruktur.","robots":{"index":"index","follow":"follow","max-snippet":"max-snippet:-1","max-image-preview":"max-image-preview:large","max-video-preview":"max-video-preview:-1"},"canonical":"https:\/\/www.schmid-mogelsberg.ch\/de\/verlagerung-produktion\/","og_locale":"de_DE","og_type":"article","og_title":"Produktionsverlagerung | Schmid Mogelsberg AG","og_description":"Die Produktionsverlagerung der Schmid Mogelsberg AG \u2013 effizientere Abl\u00e4ufe und modernisierte Druckprozesse.","og_url":"https:\/\/www.schmid-mogelsberg.ch\/de\/verlagerung-produktion\/","og_site_name":"Schmid Mogelsberg","article_publisher":"https:\/\/www.facebook.com\/Schmid.Mogelsberg.AG","article_modified_time":"2025-11-25T10:05:17+00:00","twitter_card":"summary_large_image","twitter_title":"Produktionsverlagerung | Schmid Mogelsberg AG","twitter_description":"Hintergr\u00fcnde zur Produktionsverlagerung der Schmid Mogelsberg AG.","twitter_misc":{"Gesch\u00e4tzte Lesezeit":"3\u00a0Minuten"},"schema":{"@context":"https:\/\/schema.org","@graph":[{"@type":"WebPage","@id":"https:\/\/www.schmid-mogelsberg.ch\/de\/verlagerung-produktion\/","url":"https:\/\/www.schmid-mogelsberg.ch\/de\/verlagerung-produktion\/","name":"Produktionsverlagerung | Schmid Mogelsberg AG Druckerei","isPartOf":{"@id":"https:\/\/www.schmid-mogelsberg.ch\/de\/#website"},"datePublished":"2024-04-08T04:34:44+00:00","dateModified":"2025-11-25T10:05:17+00:00","description":"Informationen zur Produktionsverlagerung der Schmid Mogelsberg AG \u2013 regionale Druckerei mit moderner Infrastruktur.","breadcrumb":{"@id":"https:\/\/www.schmid-mogelsberg.ch\/de\/verlagerung-produktion\/#breadcrumb"},"inLanguage":"de","potentialAction":[{"@type":"ReadAction","target":["https:\/\/www.schmid-mogelsberg.ch\/de\/verlagerung-produktion\/"]}]},{"@type":"BreadcrumbList","@id":"https:\/\/www.schmid-mogelsberg.ch\/de\/verlagerung-produktion\/#breadcrumb","itemListElement":[{"@type":"ListItem","position":1,"name":"Startseite","item":"https:\/\/www.schmid-mogelsberg.ch\/de\/"},{"@type":"ListItem","position":2,"name":"Verlagerung Produktion"}]},{"@type":"WebSite","@id":"https:\/\/www.schmid-mogelsberg.ch\/de\/#website","url":"https:\/\/www.schmid-mogelsberg.ch\/de\/","name":"Schmid Mogelsberg","description":"Ihre Druckerei auf der H\u00f6he","publisher":{"@id":"https:\/\/www.schmid-mogelsberg.ch\/de\/#organization"},"potentialAction":[{"@type":"SearchAction","target":{"@type":"EntryPoint","urlTemplate":"https:\/\/www.schmid-mogelsberg.ch\/de\/?s={search_term_string}"},"query-input":{"@type":"PropertyValueSpecification","valueRequired":true,"valueName":"search_term_string"}}],"inLanguage":"de"},{"@type":"Organization","@id":"https:\/\/www.schmid-mogelsberg.ch\/de\/#organization","name":"Schmid Mogelsberg","url":"https:\/\/www.schmid-mogelsberg.ch\/de\/","logo":{"@type":"ImageObject","inLanguage":"de","@id":"https:\/\/www.schmid-mogelsberg.ch\/de\/#\/schema\/logo\/image\/","url":"https:\/\/www.schmid-mogelsberg.ch\/de\/wp-content\/uploads\/2024\/03\/lOGO.png","contentUrl":"https:\/\/www.schmid-mogelsberg.ch\/de\/wp-content\/uploads\/2024\/03\/lOGO.png","width":225,"height":81,"caption":"Schmid Mogelsberg"},"image":{"@id":"https:\/\/www.schmid-mogelsberg.ch\/de\/#\/schema\/logo\/image\/"},"sameAs":["https:\/\/www.facebook.com\/Schmid.Mogelsberg.AG","https:\/\/ch.linkedin.com\/company\/schmid-mogelsberg-ag"]}]}},"_links":{"self":[{"href":"https:\/\/www.schmid-mogelsberg.ch\/de\/wp-json\/wp\/v2\/pages\/586","targetHints":{"allow":["GET"]}}],"collection":[{"href":"https:\/\/www.schmid-mogelsberg.ch\/de\/wp-json\/wp\/v2\/pages"}],"about":[{"href":"https:\/\/www.schmid-mogelsberg.ch\/de\/wp-json\/wp\/v2\/types\/page"}],"author":[{"embeddable":true,"href":"https:\/\/www.schmid-mogelsberg.ch\/de\/wp-json\/wp\/v2\/users\/3"}],"replies":[{"embeddable":true,"href":"https:\/\/www.schmid-mogelsberg.ch\/de\/wp-json\/wp\/v2\/comments?post=586"}],"version-history":[{"count":5,"href":"https:\/\/www.schmid-mogelsberg.ch\/de\/wp-json\/wp\/v2\/pages\/586\/revisions"}],"predecessor-version":[{"id":1089030,"href":"https:\/\/www.schmid-mogelsberg.ch\/de\/wp-json\/wp\/v2\/pages\/586\/revisions\/1089030"}],"wp:attachment":[{"href":"https:\/\/www.schmid-mogelsberg.ch\/de\/wp-json\/wp\/v2\/media?parent=586"}],"curies":[{"name":"wp","href":"https:\/\/api.w.org\/{rel}","templated":true}]}}