{"id":606,"date":"2024-04-08T05:01:51","date_gmt":"2024-04-08T05:01:51","guid":{"rendered":"https:\/\/www.schmid-mogelsberg.ch\/de\/?page_id=606"},"modified":"2025-11-25T10:05:19","modified_gmt":"2025-11-25T10:05:19","slug":"datenschtz","status":"publish","type":"page","link":"https:\/\/www.schmid-mogelsberg.ch\/de\/datenschtz\/","title":{"rendered":"Datenschtz"},"content":{"rendered":"<p>[et_pb_section fb_built=&#8220;1&#8243; _builder_version=&#8220;4.24.3&#8243; _module_preset=&#8220;default&#8220; custom_margin=&#8220;50px||||false|false&#8220; custom_padding=&#8220;0px||0px||true|false&#8220; global_colors_info=&#8220;{}&#8220;][et_pb_row _builder_version=&#8220;4.24.2&#8243; _module_preset=&#8220;default&#8220; width_tablet=&#8220;95%&#8220; width_phone=&#8220;95%&#8220; width_last_edited=&#8220;on|phone&#8220; global_colors_info=&#8220;{}&#8220;][et_pb_column type=&#8220;4_4&#8243; _builder_version=&#8220;4.24.2&#8243; _module_preset=&#8220;default&#8220; global_colors_info=&#8220;{}&#8220;][et_pb_text _builder_version=&#8220;4.24.3&#8243; _module_preset=&#8220;_initial&#8220; text_font=&#8220;FUTURA55REGULAR|700|||||||&#8220; text_font_size=&#8220;80px&#8220; text_line_height=&#8220;1.1em&#8220; text_font_size_tablet=&#8220;38px&#8220; text_font_size_phone=&#8220;40px&#8220; text_font_size_last_edited=&#8220;on|tablet&#8220; text_line_height_tablet=&#8220;&#8220; text_line_height_phone=&#8220;1.2em&#8220; text_line_height_last_edited=&#8220;on|phone&#8220; global_colors_info=&#8220;{}&#8220;]<\/p>\n<p>Datenschutz<\/p>\n<p>[\/et_pb_text][\/et_pb_column][\/et_pb_row][et_pb_row use_custom_gutter=&#8220;on&#8220; gutter_width=&#8220;2&#8243; custom_padding_last_edited=&#8220;on|phone&#8220; _builder_version=&#8220;4.24.2&#8243; _module_preset=&#8220;default&#8220; width_tablet=&#8220;95%&#8220; width_phone=&#8220;95%&#8220; width_last_edited=&#8220;on|phone&#8220; custom_padding=&#8220;0px||||false|false&#8220; custom_padding_tablet=&#8220;||0px||false|false&#8220; custom_padding_phone=&#8220;||0px||false|false&#8220; global_colors_info=&#8220;{}&#8220;][et_pb_column type=&#8220;4_4&#8243; _builder_version=&#8220;4.24.2&#8243; _module_preset=&#8220;default&#8220; custom_padding=&#8220;||||false|false&#8220; global_colors_info=&#8220;{}&#8220;][et_pb_text _builder_version=&#8220;4.24.3&#8243; _module_preset=&#8220;_initial&#8220; text_font=&#8220;FUTURA65MEDIUM|700|||||||&#8220; text_font_size=&#8220;40px&#8220; text_line_height=&#8220;1.3em&#8220; custom_margin=&#8220;||||false|false&#8220; custom_margin_tablet=&#8220;25px||||false|false&#8220; custom_margin_phone=&#8220;25px||||false|false&#8220; custom_margin_last_edited=&#8220;on|phone&#8220; text_line_height_tablet=&#8220;1.3em&#8220; text_line_height_phone=&#8220;1.2em&#8220; text_line_height_last_edited=&#8220;on|phone&#8220; global_colors_info=&#8220;{}&#8220;]<\/p>\n<p>1. INHALT DES ONLINEANGEBOTES<\/p>\n<p>[\/et_pb_text][et_pb_text _builder_version=&#8220;4.24.3&#8243; _module_preset=&#8220;_initial&#8220; custom_margin=&#8220;||||false|false&#8220; custom_padding=&#8220;|2px||2px|false|true&#8220; custom_padding_tablet=&#8220;10px||10px||true|true&#8220; custom_padding_phone=&#8220;10px|2px|10px|2px|true|true&#8220; custom_padding_last_edited=&#8220;on|tablet&#8220; global_colors_info=&#8220;{}&#8220;]<\/p>\n<p>Der Autor \u00fcbernimmt keine Gew\u00e4hr f\u00fcr die Aktualit\u00e4t, Korrektheit und Vollst\u00e4ndigkeit der auf diesen Seiten bereitgestellten Informationen. Grunds\u00e4tzlich ausgeschlossen werden Haftungsanspr\u00fcche gegen den Autor dieser Seiten, die sich auf Sch\u00e4den materieller oder ideeller Art beziehen und durch die Nutzung oder Nichtnutzung der bereitgestellten Informationen bzw. falscher und unvollst\u00e4ndiger Informationen verursacht worden sind, sofern von Seiten des Autors kein nachweisbares vors\u00e4tzliches oder grob fahrl\u00e4ssiges Verschulden vorliegt. Alle Angebote sind frei und unverbindlich. Der Autor beh\u00e4lt es sich ausdr\u00fccklich vor, Teile seiner Seiten oder das gesamte Angebot ohne besondere Ank\u00fcndigung zu \u00e4ndern, zu erg\u00e4nzen, zu entfernen oder die Ver\u00f6ffentlichung zeitweise oder ganz einzustellen.<\/p>\n<p>[\/et_pb_text][\/et_pb_column][\/et_pb_row][et_pb_row use_custom_gutter=&#8220;on&#8220; gutter_width=&#8220;2&#8243; custom_padding_last_edited=&#8220;on|phone&#8220; _builder_version=&#8220;4.24.2&#8243; _module_preset=&#8220;default&#8220; width_tablet=&#8220;95%&#8220; width_phone=&#8220;95%&#8220; width_last_edited=&#8220;on|phone&#8220; custom_padding=&#8220;0px||||false|false&#8220; custom_padding_tablet=&#8220;||0px||false|false&#8220; custom_padding_phone=&#8220;||0px||false|false&#8220; global_colors_info=&#8220;{}&#8220;][et_pb_column type=&#8220;4_4&#8243; _builder_version=&#8220;4.24.2&#8243; _module_preset=&#8220;default&#8220; custom_padding=&#8220;||||false|false&#8220; global_colors_info=&#8220;{}&#8220;][et_pb_text _builder_version=&#8220;4.24.3&#8243; _module_preset=&#8220;_initial&#8220; text_font=&#8220;FUTURA65MEDIUM|700|||||||&#8220; text_font_size=&#8220;40px&#8220; text_line_height=&#8220;1.3em&#8220; custom_margin=&#8220;||||false|false&#8220; custom_margin_tablet=&#8220;25px||||false|false&#8220; custom_margin_phone=&#8220;25px||||false|false&#8220; custom_margin_last_edited=&#8220;on|phone&#8220; text_line_height_tablet=&#8220;1.3em&#8220; text_line_height_phone=&#8220;1.2em&#8220; text_line_height_last_edited=&#8220;on|phone&#8220; global_colors_info=&#8220;{}&#8220;]<\/p>\n<p>2. VERWEISE UND HYPERLINKS<\/p>\n<p>[\/et_pb_text][et_pb_text _builder_version=&#8220;4.24.3&#8243; _module_preset=&#8220;_initial&#8220; custom_margin=&#8220;||||false|false&#8220; custom_padding=&#8220;|2px||2px|false|true&#8220; custom_padding_tablet=&#8220;10px||10px||true|true&#8220; custom_padding_phone=&#8220;10px|2px|10px|2px|true|true&#8220; custom_padding_last_edited=&#8220;on|tablet&#8220; global_colors_info=&#8220;{}&#8220;]<\/p>\n<p>Eine Haftungsverpflichtung bei direkten oder indirekten Verweisen auf fremde Internetseiten (\u00abLinks\u00bb), die nicht innerhalb des Verantwortungsbereiches des Autors liegen, w\u00fcrde ausschliesslich in Kraft treten, wenn der Autor Kenntnis von den Inhalten hat und es technisch realisierbar und zumutbar w\u00e4re, die Nutzung im Falle von rechtswidrigen Inhalten zu verhindern. Hiermit wird ausdr\u00fccklich vom Autor erkl\u00e4rt, dass zum Zeitpunkt der Linksetzung auf den zu verlinkenden Seiten keinerlei illegale Inhalte erkennbar waren. Der Autor verf\u00fcgt \u00fcber keinerlei Einfluss auf das aktuelle oder zuk\u00fcnftige Design, die dargestellten Inhalte oder die Urheberschaft der verlinkten Seiten. Aus diesem Grund distanziert sich der Autor von jeglichen Inhalten der verlinkten Seiten, die nach der Linksetzung ver\u00e4ndert wurden. Diese Aussage beh\u00e4lt ihre G\u00fcltigkeit f\u00fcr alle innerhalb des eigenen Internetangebotes gesetzten Links und Verweise sowie f\u00fcr externe Eintr\u00e4ge in vom Autor eingerichteten G\u00e4steb\u00fcchern und Mailinglisten. F\u00fcr alle illegalen, falschen oder nicht vollst\u00e4ndigen Inhalte und besonders f\u00fcr m\u00f6gliche Sch\u00e4den, die nach der Nutzung oder Nichtnutzung derlei angebotener Informationen entstehen, liegt die Haftung allein beim Anbieter der Seite, auf die verwiesen wurde.<\/p>\n<p>[\/et_pb_text][\/et_pb_column][\/et_pb_row][et_pb_row use_custom_gutter=&#8220;on&#8220; gutter_width=&#8220;2&#8243; _builder_version=&#8220;4.24.2&#8243; _module_preset=&#8220;default&#8220; custom_margin=&#8220;||||false|false&#8220; custom_margin_tablet=&#8220;25px||||false|false&#8220; custom_margin_phone=&#8220;25px||||false|false&#8220; custom_margin_last_edited=&#8220;on|phone&#8220; global_colors_info=&#8220;{}&#8220; text_line_height_tablet=&#8220;1.3em&#8220; text_line_height_phone=&#8220;1.2em&#8220; text_line_height_last_edited=&#8220;on|phone&#8220;][et_pb_column type=&#8220;4_4&#8243; _builder_version=&#8220;4.24.2&#8243; _module_preset=&#8220;default&#8220; custom_padding=&#8220;||||false|false&#8220; global_colors_info=&#8220;{}&#8220;][et_pb_text _builder_version=&#8220;4.24.3&#8243; _module_preset=&#8220;_initial&#8220; text_font=&#8220;FUTURA65MEDIUM|700|||||||&#8220; text_font_size=&#8220;40px&#8220; text_line_height=&#8220;1.3em&#8220; custom_margin=&#8220;||||false|false&#8220; custom_margin_tablet=&#8220;25px||||false|false&#8220; custom_margin_phone=&#8220;25px||||false|false&#8220; custom_margin_last_edited=&#8220;on|phone&#8220; text_line_height_tablet=&#8220;1.3em&#8220; text_line_height_phone=&#8220;1.2em&#8220; text_line_height_last_edited=&#8220;on|phone&#8220; global_colors_info=&#8220;{}&#8220;]<\/p>\n<p>3. URHEBER- UND KENNZEICHENRECHT<\/p>\n<p>[\/et_pb_text][et_pb_text _builder_version=&#8220;4.24.3&#8243; _module_preset=&#8220;_initial&#8220; custom_margin=&#8220;||||false|false&#8220; custom_padding=&#8220;|2px||2px|false|true&#8220; custom_padding_tablet=&#8220;10px||10px||true|true&#8220; custom_padding_phone=&#8220;10px|2px|10px|2px|true|true&#8220; custom_padding_last_edited=&#8220;on|tablet&#8220; global_colors_info=&#8220;{}&#8220;]<\/p>\n<p>Der Autor achtet darauf, dass in allen Ver\u00f6ffentlichungen die Urheberrechte der verwendeten Bilder, Sounds, Videoszenen und Texte beachtet werden, selbst erstellte Bilder, Sounds, Videoszenen und Texte genutzt werden oder dass auf lizenzfreie Bilder, Sounds, Videoszenen und Texte zur\u00fcckgegriffen wird. Werden innerhalb des Internetangebotes gesch\u00fctzten Marken- und Warenzeichen genutzt oder ggf. durch Dritte genannt, unterliegen diese ohne Ausnahme den Bestimmungen des jeweils g\u00fcltigen Kennzeichenrechts und den Besitzrechten der jeweiligen eingetragenen Eigent\u00fcmer. Aufgrund der alleinigen Nennung kann nicht der Schluss gezogen werden, dass diese Markenzeichen nicht durch die Rechte Dritter gesch\u00fctzt werden! Das Urheberrecht f\u00fcr ver\u00f6ffentlichte und selbst erarbeitete Objekte bleibt allein beim Autor der Seite. Die Vervielf\u00e4ltigung und die Verwendung dieser Bilder, Sounds, Videoszenen und Texte in anderen elektronischen oder gedruckten Publikationen ist ohne die ausdr\u00fcckliche Zustimmung des Autors nicht gestattet.<\/p>\n<p>[\/et_pb_text][\/et_pb_column][\/et_pb_row][et_pb_row use_custom_gutter=&#8220;on&#8220; gutter_width=&#8220;2&#8243; custom_padding_last_edited=&#8220;on|phone&#8220; _builder_version=&#8220;4.24.2&#8243; _module_preset=&#8220;default&#8220; width_tablet=&#8220;95%&#8220; width_phone=&#8220;95%&#8220; width_last_edited=&#8220;on|phone&#8220; custom_padding=&#8220;0px||||false|false&#8220; custom_padding_tablet=&#8220;||0px||false|false&#8220; custom_padding_phone=&#8220;||0px||false|false&#8220; global_colors_info=&#8220;{}&#8220;][et_pb_column type=&#8220;4_4&#8243; _builder_version=&#8220;4.24.2&#8243; _module_preset=&#8220;default&#8220; custom_padding=&#8220;||||false|false&#8220; global_colors_info=&#8220;{}&#8220;][et_pb_text _builder_version=&#8220;4.24.3&#8243; _module_preset=&#8220;_initial&#8220; text_font=&#8220;FUTURA65MEDIUM|700|||||||&#8220; text_font_size=&#8220;40px&#8220; text_line_height=&#8220;1.3em&#8220; custom_margin=&#8220;||||false|false&#8220; custom_margin_tablet=&#8220;25px||||false|false&#8220; custom_margin_phone=&#8220;25px||||false|false&#8220; custom_margin_last_edited=&#8220;on|phone&#8220; text_line_height_tablet=&#8220;1.3em&#8220; text_line_height_phone=&#8220;1.2em&#8220; text_line_height_last_edited=&#8220;on|phone&#8220; global_colors_info=&#8220;{}&#8220;]<\/p>\n<p>4. DATENSCHUTZ<\/p>\n<p>[\/et_pb_text][et_pb_text _builder_version=&#8220;4.24.3&#8243; _module_preset=&#8220;_initial&#8220; custom_margin=&#8220;||||false|false&#8220; custom_padding=&#8220;|2px||2px|false|true&#8220; custom_padding_tablet=&#8220;10px||10px||true|true&#8220; custom_padding_phone=&#8220;10px|2px|10px|2px|true|true&#8220; custom_padding_last_edited=&#8220;on|tablet&#8220; global_colors_info=&#8220;{}&#8220;]<\/p>\n<p>Werden innerhalb des Onlineangebotes M\u00f6glichkeiten angeboten, pers\u00f6nliche oder gesch\u00e4ftliche Daten (E-Mailadressen, Namen, Anschriften) einzugeben, so erfolgt dies ausdr\u00fccklich auf freiwilliger Basis seitens des Nutzers.<\/p>\n<p>[\/et_pb_text][\/et_pb_column][\/et_pb_row][et_pb_row use_custom_gutter=&#8220;on&#8220; gutter_width=&#8220;2&#8243; custom_padding_last_edited=&#8220;on|phone&#8220; _builder_version=&#8220;4.24.2&#8243; _module_preset=&#8220;default&#8220; width_tablet=&#8220;95%&#8220; width_phone=&#8220;95%&#8220; width_last_edited=&#8220;on|phone&#8220; custom_padding=&#8220;0px||||false|false&#8220; custom_padding_tablet=&#8220;||0px||false|false&#8220; custom_padding_phone=&#8220;||0px||false|false&#8220; global_colors_info=&#8220;{}&#8220;][et_pb_column type=&#8220;4_4&#8243; _builder_version=&#8220;4.24.2&#8243; _module_preset=&#8220;default&#8220; custom_padding=&#8220;||||false|false&#8220; global_colors_info=&#8220;{}&#8220;][et_pb_text _builder_version=&#8220;4.24.3&#8243; _module_preset=&#8220;_initial&#8220; text_font=&#8220;FUTURA65MEDIUM|700|||||||&#8220; text_font_size=&#8220;40px&#8220; text_line_height=&#8220;1.3em&#8220; custom_margin=&#8220;||||false|false&#8220; custom_margin_tablet=&#8220;25px||||false|false&#8220; custom_margin_phone=&#8220;25px||||false|false&#8220; custom_margin_last_edited=&#8220;on|phone&#8220; text_line_height_tablet=&#8220;1.3em&#8220; text_line_height_phone=&#8220;1.2em&#8220; text_line_height_last_edited=&#8220;on|phone&#8220; global_colors_info=&#8220;{}&#8220;]<\/p>\n<p>5. RECHTSWIRKSAMKEIT DIESES HAFTUNGSAUSSCHLUSSES<\/p>\n<p>[\/et_pb_text][et_pb_text _builder_version=&#8220;4.24.3&#8243; _module_preset=&#8220;_initial&#8220; custom_margin=&#8220;||||false|false&#8220; custom_padding=&#8220;|2px||2px|false|true&#8220; custom_padding_tablet=&#8220;10px||10px||true|true&#8220; custom_padding_phone=&#8220;10px|2px|10px|2px|true|true&#8220; custom_padding_last_edited=&#8220;on|tablet&#8220; global_colors_info=&#8220;{}&#8220;]<\/p>\n<p>Es gilt, diesen Haftungsausschluss als einen Teil des Onlineangebotes zu betrachten, von dem aus auf diese Seiten hingewiesen wurde. Sollten einzelne Abschnitte oder Formulierungen dieses Textes nicht mehr der geltenden Rechtslage entsprechen oder nicht vollst\u00e4ndig sein, bleiben alle anderen Teile des Dokumentes hinsichtlich ihres Inhalts und dessen G\u00fcltigkeit unber\u00fchrt.<\/p>\n<p>&nbsp;<\/p>\n<p>[\/et_pb_text][\/et_pb_column][\/et_pb_row][et_pb_row use_custom_gutter=&#8220;on&#8220; gutter_width=&#8220;2&#8243; custom_padding_last_edited=&#8220;on|phone&#8220; _builder_version=&#8220;4.24.2&#8243; _module_preset=&#8220;default&#8220; width_tablet=&#8220;95%&#8220; width_phone=&#8220;95%&#8220; width_last_edited=&#8220;on|phone&#8220; custom_padding=&#8220;0px||||false|false&#8220; custom_padding_tablet=&#8220;||0px||false|false&#8220; custom_padding_phone=&#8220;||0px||false|false&#8220; global_colors_info=&#8220;{}&#8220;][et_pb_column type=&#8220;4_4&#8243; _builder_version=&#8220;4.24.2&#8243; _module_preset=&#8220;default&#8220; custom_padding=&#8220;||||false|false&#8220; global_colors_info=&#8220;{}&#8220;][et_pb_text _builder_version=&#8220;4.24.3&#8243; _module_preset=&#8220;_initial&#8220; text_font=&#8220;FUTURA65MEDIUM|700|||||||&#8220; text_font_size=&#8220;40px&#8220; text_line_height=&#8220;1.3em&#8220; custom_margin=&#8220;||||false|false&#8220; custom_margin_tablet=&#8220;25px||||false|false&#8220; custom_margin_phone=&#8220;25px||||false|false&#8220; custom_margin_last_edited=&#8220;on|phone&#8220; hover_enabled=&#8220;0&#8243; text_line_height_tablet=&#8220;1.3em&#8220; text_line_height_phone=&#8220;1.2em&#8220; text_line_height_last_edited=&#8220;on|phone&#8220; global_colors_info=&#8220;{}&#8220; sticky_enabled=&#8220;0&#8243;]<\/p>\n<p>6. GOOGLE ANALYTICS<\/p>\n<p>[\/et_pb_text][et_pb_text _builder_version=&#8220;4.24.3&#8243; _module_preset=&#8220;_initial&#8220; custom_margin=&#8220;||||false|false&#8220; custom_padding=&#8220;|2px||2px|false|true&#8220; custom_padding_tablet=&#8220;10px||10px||true|true&#8220; custom_padding_phone=&#8220;10px|2px|10px|2px|true|true&#8220; custom_padding_last_edited=&#8220;on|tablet&#8220; hover_enabled=&#8220;0&#8243; global_colors_info=&#8220;{}&#8220; sticky_enabled=&#8220;0&#8243;]<\/p>\n<p>\u00abDiese Website benutzt Google Analytics, einen Webanalysedienst der Google Inc. (\u00abGoogle\u00bb) Google Analytics verwendet sog. \u00abCookies\u00bb, Textdateien, die auf Ihrem Computer gespeichert werden und die eine Analyse der Benutzung der Website durch Sie erm\u00f6glicht. Die durch den Cookie erzeugten Informationen \u00fcber Ihre Benutzung diese Website (einschlie\u00dflich Ihrer IP-Adresse) wird an einen Server von Google in den USA \u00fcbertragen und dort gespeichert. Google wird diese Informationen benutzen, um Ihre Nutzung der Website auszuwerten, um Reports \u00fcber die Websiteaktivit\u00e4ten f\u00fcr die Websitebetreiber zusammenzustellen und um weitere mit der Websitenutzung und der Internetnutzung verbundene Dienstleistungen zu erbringen. Auch wird Google diese Informationen gegebenenfalls an Dritte \u00fcbertragen, sofern dies gesetzlich vorgeschrieben oder soweit Dritte diese Daten im Auftrag von Google verarbeiten. Google wird in keinem Fall Ihre IP-Adresse mit anderen Daten von Google in Verbindung bringen. Sie k\u00f6nnen die Installation der Cookies durch eine entsprechende Einstellung Ihrer Browser Software verhindern; wir weisen Sie jedoch darauf hin, dass Sie in diesem Fall gegebenenfalls nicht s\u00e4mtliche Funktionen dieser Website voll umf\u00e4nglich nutzen k\u00f6nnen. Durch die Nutzung dieser Website erkl\u00e4ren Sie sich mit der Bearbeitung der \u00fcber Sie erhobenen Daten durch Google in der zuvor beschriebenen Art und Weise und zu dem zuvor benannten Zweck einverstanden.\u00bb<\/p>\n<p>[\/et_pb_text][\/et_pb_column][\/et_pb_row][\/et_pb_section]<\/p>\n","protected":false},"excerpt":{"rendered":"<p>Informationen zum Datenschutz bei der Schmid Mogelsberg AG.<\/p>\n","protected":false},"author":3,"featured_media":0,"parent":0,"menu_order":0,"comment_status":"closed","ping_status":"closed","template":"","meta":{"_et_pb_use_builder":"on","_et_pb_old_content":"","_et_gb_content_width":"","footnotes":""},"class_list":["post-606","page","type-page","status-publish","hentry"],"yoast_head":"<!-- This site is optimized with the Yoast SEO plugin v27.3 - https:\/\/yoast.com\/product\/yoast-seo-wordpress\/ -->\n<title>Datenschutz | Schmid Mogelsberg AG Druckerei<\/title>\n<meta name=\"description\" content=\"Datenschutz der Schmid Mogelsberg AG \u2013 Informationen zum Umgang mit Daten in der Ostschweizer Druckerei.\" \/>\n<meta name=\"robots\" content=\"index, follow, max-snippet:-1, max-image-preview:large, max-video-preview:-1\" \/>\n<link rel=\"canonical\" href=\"https:\/\/www.schmid-mogelsberg.ch\/de\/datenschtz\/\" \/>\n<meta property=\"og:locale\" content=\"de_DE\" \/>\n<meta property=\"og:type\" content=\"article\" \/>\n<meta property=\"og:title\" content=\"Datenschutz | Schmid Mogelsberg AG\" \/>\n<meta property=\"og:description\" content=\"Erfahre mehr \u00fcber den Datenschutz der Schmid Mogelsberg AG Druckerei.\" \/>\n<meta property=\"og:url\" content=\"https:\/\/www.schmid-mogelsberg.ch\/de\/datenschtz\/\" \/>\n<meta property=\"og:site_name\" content=\"Schmid Mogelsberg\" \/>\n<meta property=\"article:publisher\" content=\"https:\/\/www.facebook.com\/Schmid.Mogelsberg.AG\" \/>\n<meta property=\"article:modified_time\" content=\"2025-11-25T10:05:19+00:00\" \/>\n<meta name=\"twitter:card\" content=\"summary_large_image\" \/>\n<meta name=\"twitter:title\" content=\"Datenschutz | Schmid Mogelsberg AG\" \/>\n<meta name=\"twitter:description\" content=\"Datenschutzhinweise der Schmid Mogelsberg AG \u2013 Ostschweizer Druckerei.\" \/>\n<meta name=\"twitter:label1\" content=\"Gesch\u00e4tzte Lesezeit\" \/>\n\t<meta name=\"twitter:data1\" content=\"10\u00a0Minuten\" \/>\n<script type=\"application\/ld+json\" class=\"yoast-schema-graph\">{\"@context\":\"https:\\\/\\\/schema.org\",\"@graph\":[{\"@type\":\"WebPage\",\"@id\":\"https:\\\/\\\/www.schmid-mogelsberg.ch\\\/de\\\/datenschtz\\\/\",\"url\":\"https:\\\/\\\/www.schmid-mogelsberg.ch\\\/de\\\/datenschtz\\\/\",\"name\":\"Datenschutz | Schmid Mogelsberg AG Druckerei\",\"isPartOf\":{\"@id\":\"https:\\\/\\\/www.schmid-mogelsberg.ch\\\/de\\\/#website\"},\"datePublished\":\"2024-04-08T05:01:51+00:00\",\"dateModified\":\"2025-11-25T10:05:19+00:00\",\"description\":\"Datenschutz der Schmid Mogelsberg AG \u2013 Informationen zum Umgang mit Daten in der Ostschweizer Druckerei.\",\"breadcrumb\":{\"@id\":\"https:\\\/\\\/www.schmid-mogelsberg.ch\\\/de\\\/datenschtz\\\/#breadcrumb\"},\"inLanguage\":\"de\",\"potentialAction\":[{\"@type\":\"ReadAction\",\"target\":[\"https:\\\/\\\/www.schmid-mogelsberg.ch\\\/de\\\/datenschtz\\\/\"]}]},{\"@type\":\"BreadcrumbList\",\"@id\":\"https:\\\/\\\/www.schmid-mogelsberg.ch\\\/de\\\/datenschtz\\\/#breadcrumb\",\"itemListElement\":[{\"@type\":\"ListItem\",\"position\":1,\"name\":\"Startseite\",\"item\":\"https:\\\/\\\/www.schmid-mogelsberg.ch\\\/de\\\/\"},{\"@type\":\"ListItem\",\"position\":2,\"name\":\"Datenschtz\"}]},{\"@type\":\"WebSite\",\"@id\":\"https:\\\/\\\/www.schmid-mogelsberg.ch\\\/de\\\/#website\",\"url\":\"https:\\\/\\\/www.schmid-mogelsberg.ch\\\/de\\\/\",\"name\":\"Schmid Mogelsberg\",\"description\":\"Ihre Druckerei auf der H\u00f6he\",\"publisher\":{\"@id\":\"https:\\\/\\\/www.schmid-mogelsberg.ch\\\/de\\\/#organization\"},\"potentialAction\":[{\"@type\":\"SearchAction\",\"target\":{\"@type\":\"EntryPoint\",\"urlTemplate\":\"https:\\\/\\\/www.schmid-mogelsberg.ch\\\/de\\\/?s={search_term_string}\"},\"query-input\":{\"@type\":\"PropertyValueSpecification\",\"valueRequired\":true,\"valueName\":\"search_term_string\"}}],\"inLanguage\":\"de\"},{\"@type\":\"Organization\",\"@id\":\"https:\\\/\\\/www.schmid-mogelsberg.ch\\\/de\\\/#organization\",\"name\":\"Schmid Mogelsberg\",\"url\":\"https:\\\/\\\/www.schmid-mogelsberg.ch\\\/de\\\/\",\"logo\":{\"@type\":\"ImageObject\",\"inLanguage\":\"de\",\"@id\":\"https:\\\/\\\/www.schmid-mogelsberg.ch\\\/de\\\/#\\\/schema\\\/logo\\\/image\\\/\",\"url\":\"https:\\\/\\\/www.schmid-mogelsberg.ch\\\/de\\\/wp-content\\\/uploads\\\/2024\\\/03\\\/lOGO.png\",\"contentUrl\":\"https:\\\/\\\/www.schmid-mogelsberg.ch\\\/de\\\/wp-content\\\/uploads\\\/2024\\\/03\\\/lOGO.png\",\"width\":225,\"height\":81,\"caption\":\"Schmid Mogelsberg\"},\"image\":{\"@id\":\"https:\\\/\\\/www.schmid-mogelsberg.ch\\\/de\\\/#\\\/schema\\\/logo\\\/image\\\/\"},\"sameAs\":[\"https:\\\/\\\/www.facebook.com\\\/Schmid.Mogelsberg.AG\",\"https:\\\/\\\/ch.linkedin.com\\\/company\\\/schmid-mogelsberg-ag\"]}]}<\/script>\n<!-- \/ Yoast SEO plugin. -->","yoast_head_json":{"title":"Datenschutz | Schmid Mogelsberg AG Druckerei","description":"Datenschutz der Schmid Mogelsberg AG \u2013 Informationen zum Umgang mit Daten in der Ostschweizer Druckerei.","robots":{"index":"index","follow":"follow","max-snippet":"max-snippet:-1","max-image-preview":"max-image-preview:large","max-video-preview":"max-video-preview:-1"},"canonical":"https:\/\/www.schmid-mogelsberg.ch\/de\/datenschtz\/","og_locale":"de_DE","og_type":"article","og_title":"Datenschutz | Schmid Mogelsberg AG","og_description":"Erfahre mehr \u00fcber den Datenschutz der Schmid Mogelsberg AG Druckerei.","og_url":"https:\/\/www.schmid-mogelsberg.ch\/de\/datenschtz\/","og_site_name":"Schmid Mogelsberg","article_publisher":"https:\/\/www.facebook.com\/Schmid.Mogelsberg.AG","article_modified_time":"2025-11-25T10:05:19+00:00","twitter_card":"summary_large_image","twitter_title":"Datenschutz | Schmid Mogelsberg AG","twitter_description":"Datenschutzhinweise der Schmid Mogelsberg AG \u2013 Ostschweizer Druckerei.","twitter_misc":{"Gesch\u00e4tzte Lesezeit":"10\u00a0Minuten"},"schema":{"@context":"https:\/\/schema.org","@graph":[{"@type":"WebPage","@id":"https:\/\/www.schmid-mogelsberg.ch\/de\/datenschtz\/","url":"https:\/\/www.schmid-mogelsberg.ch\/de\/datenschtz\/","name":"Datenschutz | Schmid Mogelsberg AG Druckerei","isPartOf":{"@id":"https:\/\/www.schmid-mogelsberg.ch\/de\/#website"},"datePublished":"2024-04-08T05:01:51+00:00","dateModified":"2025-11-25T10:05:19+00:00","description":"Datenschutz der Schmid Mogelsberg AG \u2013 Informationen zum Umgang mit Daten in der Ostschweizer Druckerei.","breadcrumb":{"@id":"https:\/\/www.schmid-mogelsberg.ch\/de\/datenschtz\/#breadcrumb"},"inLanguage":"de","potentialAction":[{"@type":"ReadAction","target":["https:\/\/www.schmid-mogelsberg.ch\/de\/datenschtz\/"]}]},{"@type":"BreadcrumbList","@id":"https:\/\/www.schmid-mogelsberg.ch\/de\/datenschtz\/#breadcrumb","itemListElement":[{"@type":"ListItem","position":1,"name":"Startseite","item":"https:\/\/www.schmid-mogelsberg.ch\/de\/"},{"@type":"ListItem","position":2,"name":"Datenschtz"}]},{"@type":"WebSite","@id":"https:\/\/www.schmid-mogelsberg.ch\/de\/#website","url":"https:\/\/www.schmid-mogelsberg.ch\/de\/","name":"Schmid Mogelsberg","description":"Ihre Druckerei auf der H\u00f6he","publisher":{"@id":"https:\/\/www.schmid-mogelsberg.ch\/de\/#organization"},"potentialAction":[{"@type":"SearchAction","target":{"@type":"EntryPoint","urlTemplate":"https:\/\/www.schmid-mogelsberg.ch\/de\/?s={search_term_string}"},"query-input":{"@type":"PropertyValueSpecification","valueRequired":true,"valueName":"search_term_string"}}],"inLanguage":"de"},{"@type":"Organization","@id":"https:\/\/www.schmid-mogelsberg.ch\/de\/#organization","name":"Schmid Mogelsberg","url":"https:\/\/www.schmid-mogelsberg.ch\/de\/","logo":{"@type":"ImageObject","inLanguage":"de","@id":"https:\/\/www.schmid-mogelsberg.ch\/de\/#\/schema\/logo\/image\/","url":"https:\/\/www.schmid-mogelsberg.ch\/de\/wp-content\/uploads\/2024\/03\/lOGO.png","contentUrl":"https:\/\/www.schmid-mogelsberg.ch\/de\/wp-content\/uploads\/2024\/03\/lOGO.png","width":225,"height":81,"caption":"Schmid Mogelsberg"},"image":{"@id":"https:\/\/www.schmid-mogelsberg.ch\/de\/#\/schema\/logo\/image\/"},"sameAs":["https:\/\/www.facebook.com\/Schmid.Mogelsberg.AG","https:\/\/ch.linkedin.com\/company\/schmid-mogelsberg-ag"]}]}},"_links":{"self":[{"href":"https:\/\/www.schmid-mogelsberg.ch\/de\/wp-json\/wp\/v2\/pages\/606","targetHints":{"allow":["GET"]}}],"collection":[{"href":"https:\/\/www.schmid-mogelsberg.ch\/de\/wp-json\/wp\/v2\/pages"}],"about":[{"href":"https:\/\/www.schmid-mogelsberg.ch\/de\/wp-json\/wp\/v2\/types\/page"}],"author":[{"embeddable":true,"href":"https:\/\/www.schmid-mogelsberg.ch\/de\/wp-json\/wp\/v2\/users\/3"}],"replies":[{"embeddable":true,"href":"https:\/\/www.schmid-mogelsberg.ch\/de\/wp-json\/wp\/v2\/comments?post=606"}],"version-history":[{"count":1,"href":"https:\/\/www.schmid-mogelsberg.ch\/de\/wp-json\/wp\/v2\/pages\/606\/revisions"}],"predecessor-version":[{"id":1089044,"href":"https:\/\/www.schmid-mogelsberg.ch\/de\/wp-json\/wp\/v2\/pages\/606\/revisions\/1089044"}],"wp:attachment":[{"href":"https:\/\/www.schmid-mogelsberg.ch\/de\/wp-json\/wp\/v2\/media?parent=606"}],"curies":[{"name":"wp","href":"https:\/\/api.w.org\/{rel}","templated":true}]}}