{"id":67,"date":"2024-03-31T13:46:19","date_gmt":"2024-03-31T13:46:19","guid":{"rendered":"https:\/\/www.schmid-mogelsberg.ch\/de\/?page_id=67"},"modified":"2025-11-25T10:03:39","modified_gmt":"2025-11-25T10:03:39","slug":"angebot-produkte","status":"publish","type":"page","link":"https:\/\/www.schmid-mogelsberg.ch\/de\/druck\/angebot-produkte\/","title":{"rendered":"Angebot\/Produkte"},"content":{"rendered":"<p>[et_pb_section fb_built=&#8220;1&#8243; _builder_version=&#8220;4.24.2&#8243; _module_preset=&#8220;default&#8220; background_image=&#8220;https:\/\/www.schmid-mogelsberg.ch\/de\/wp-content\/uploads\/2024\/04\/Img-Druck.webp&#8220; min_height=&#8220;230px&#8220; custom_padding=&#8220;||||false|false&#8220; global_colors_info=&#8220;{}&#8220;][\/et_pb_section][et_pb_section fb_built=&#8220;1&#8243; _builder_version=&#8220;4.24.2&#8243; _module_preset=&#8220;default&#8220; custom_padding=&#8220;20px||10px||false|false&#8220; global_colors_info=&#8220;{}&#8220;][et_pb_row use_custom_gutter=&#8220;on&#8220; gutter_width=&#8220;1&#8243; custom_padding_last_edited=&#8220;on|phone&#8220; _builder_version=&#8220;4.24.2&#8243; _module_preset=&#8220;default&#8220; width_tablet=&#8220;95%&#8220; width_phone=&#8220;95%&#8220; width_last_edited=&#8220;on|phone&#8220; custom_padding_tablet=&#8220;||0px||false|false&#8220; custom_padding_phone=&#8220;||0px||false|false&#8220; global_colors_info=&#8220;{}&#8220;][et_pb_column type=&#8220;4_4&#8243; _builder_version=&#8220;4.24.2&#8243; _module_preset=&#8220;default&#8220; custom_padding=&#8220;||||false|false&#8220; global_colors_info=&#8220;{}&#8220;][et_pb_text _builder_version=&#8220;4.27.0&#8243; _module_preset=&#8220;default&#8220; text_font=&#8220;FuturaDemi-Bold|300|||||||&#8220; text_font_size=&#8220;17px&#8220; text_line_height=&#8220;1.3em&#8220; link_font=&#8220;Futura-Book||||||||&#8220; link_text_color=&#8220;#000000&#8243; custom_margin=&#8220;||||false|false&#8220; custom_padding=&#8220;|2px||2px|false|true&#8220; global_colors_info=&#8220;{}&#8220;]<\/p>\n<p><a href=\"https:\/\/www.schmid-mogelsberg.ch\/de\/\">Home<\/a>\u00a0 &gt;\u00a0 <a href=\"https:\/\/www.schmid-mogelsberg.ch\/de\/druck\/\">Druck<\/a><strong>\u00a0 &gt;\u00a0 Angebot\/Produkte<\/strong><\/p>\n<p>[\/et_pb_text][\/et_pb_column][\/et_pb_row][\/et_pb_section][et_pb_section fb_built=&#8220;1&#8243; _builder_version=&#8220;4.24.2&#8243; _module_preset=&#8220;default&#8220; custom_padding=&#8220;0px||0px||true|false&#8220; global_colors_info=&#8220;{}&#8220;][et_pb_row _builder_version=&#8220;4.24.2&#8243; _module_preset=&#8220;default&#8220; width_tablet=&#8220;95%&#8220; width_phone=&#8220;95%&#8220; width_last_edited=&#8220;on|phone&#8220; global_colors_info=&#8220;{}&#8220;][et_pb_column type=&#8220;4_4&#8243; _builder_version=&#8220;4.24.2&#8243; _module_preset=&#8220;default&#8220; global_colors_info=&#8220;{}&#8220;][et_pb_text _builder_version=&#8220;4.27.0&#8243; _module_preset=&#8220;default&#8220; text_font=&#8220;FUTURA65MEDIUM|700|||||||&#8220; text_font_size=&#8220;40px&#8220; text_line_height=&#8220;1.3em&#8220; custom_margin=&#8220;||||false|false&#8220; custom_margin_tablet=&#8220;25px||||false|false&#8220; custom_margin_phone=&#8220;25px||||false|false&#8220; custom_margin_last_edited=&#8220;on|phone&#8220; hover_enabled=&#8220;0&#8243; text_font_size_tablet=&#8220;35px&#8220; text_font_size_phone=&#8220;25px&#8220; text_line_height_tablet=&#8220;1.3em&#8220; text_line_height_phone=&#8220;1.2em&#8220; text_line_height_last_edited=&#8220;on|phone&#8220; global_colors_info=&#8220;{}&#8220; sticky_enabled=&#8220;0&#8243;]<\/p>\n<h2>SCHMID MOGELSBERG AG<\/h2>\n<p>[\/et_pb_text][et_pb_text _builder_version=&#8220;4.27.0&#8243; _module_preset=&#8220;default&#8220; text_font=&#8220;FUTURA55REGULAR|700|||||||&#8220; text_font_size=&#8220;85px&#8220; text_line_height=&#8220;1.1em&#8220; hover_enabled=&#8220;0&#8243; text_font_size_tablet=&#8220;38px&#8220; text_font_size_phone=&#8220;40px&#8220; text_font_size_last_edited=&#8220;on|tablet&#8220; text_line_height_tablet=&#8220;&#8220; text_line_height_phone=&#8220;1.2em&#8220; text_line_height_last_edited=&#8220;on|phone&#8220; global_colors_info=&#8220;{}&#8220; sticky_enabled=&#8220;0&#8243;]<\/p>\n<h1>Druckangebot und Druckprodukte<\/h1>\n<p>[\/et_pb_text][et_pb_accordion icon_color=&#8220;#a9c300&#8243; use_icon_font_size=&#8220;on&#8220; icon_font_size=&#8220;30px&#8220; icon_font_size_tablet=&#8220;30px&#8220; icon_font_size_phone=&#8220;20px&#8220; icon_font_size_last_edited=&#8220;on|phone&#8220; _builder_version=&#8220;4.27.0&#8243; _module_preset=&#8220;default&#8220; toggle_font=&#8220;FuturaDemi-Bold||||||||&#8220; closed_toggle_font=&#8220;FuturaDemi-Bold||||||||&#8220; closed_toggle_font_size=&#8220;25px&#8220; body_font=&#8220;FUTURA45LIGHT||||||||&#8220; body_link_font=&#8220;FUTURA45LIGHT||||||||&#8220; hover_enabled=&#8220;0&#8243; toggle_font_size_tablet=&#8220;&#8220; toggle_font_size_phone=&#8220;16px&#8220; toggle_font_size_last_edited=&#8220;on|phone&#8220; global_colors_info=&#8220;{}&#8220; sticky_enabled=&#8220;0&#8243; toggle_icon=&#8220;&#x33;||divi||400&#8243; custom_margin=&#8220;||||false|false&#8220; custom_padding=&#8220;||||false|false&#8220;][et_pb_accordion_item title=&#8220;code css here &#8211; &#8220; _builder_version=&#8220;4.27.0&#8243; _module_preset=&#8220;default&#8220; custom_css_main_element=&#8220;display: none;&#8220; global_colors_info=&#8220;{}&#8220; open=&#8220;on&#8220;]<\/p>\n<p>Your content goes here. Edit or remove this text inline or in the module Content settings. You can also style every aspect of this content in the module Design settings and even apply custom CSS to this text in the module Advanced settings.<\/p>\n<p>[\/et_pb_accordion_item][et_pb_accordion_item title=&#8220;KLASSISCHE DRUCKSACHEN&#8220; open_toggle_text_color=&#8220;#000000&#8243; closed_toggle_background_color=&#8220;#f7f7f7&#8243; toggle_icon=&#8220;&#x3b;||divi||400&#8243; _builder_version=&#8220;4.27.0&#8243; _module_preset=&#8220;default&#8220; body_font=&#8220;Futura-Book|300|||||||&#8220; body_text_color=&#8220;#000000&#8243; hover_enabled=&#8220;0&#8243; global_colors_info=&#8220;{}&#8220; toggle_text_color=&#8220;#000000&#8243; toggle_font=&#8220;FuturaDemi-Bold|700|||||||&#8220; toggle_font_size=&#8220;30px&#8220; closed_toggle_font=&#8220;FuturaDemi-Bold||||||||&#8220; closed_toggle_font_size=&#8220;30px&#8220; open=&#8220;off&#8220; sticky_enabled=&#8220;0&#8243; custom_margin=&#8220;||||false|false&#8220; custom_padding=&#8220;||||false|false&#8220;]<\/p>\n<div class=\"col-12 col-sm-3 \">\n<div class=\"toolbox-column\">\n<div class=\"toolbox-element toolbox-image\">\n<div class=\"et_pb_module et_pb_text et_pb_text_4  et_pb_text_align_left et_pb_bg_layout_light\">\n<div class=\"et_pb_text_inner\">\n<p>Was deckt Schmid Mogelsberg AG mit dem Digitaldruck ab? Kommunikatives Reaktionsverm\u00f6gen, Schnelligkeit, Flexibilit\u00e4t f\u00fcr den Kunden. Der Individualisierung der Druck-Erzeugnisse sind wenig Grenzen gesetzt. Dabei sind auch kleine Auflagen m\u00f6glich. \u00c4nderungen k\u00f6nnen bis kurz vor Drucklegung ber\u00fccksichtigt werden. Schmid Mogelsberg AG bietet mit dem Digitaldruck all jenen Kunden optimale Voraussetzungen, welche mit diesem schnellen und flexiblen Druckverfahren ihre Chancen beim Marketing effektiv wahrnehmen.<\/p>\n<\/div>\n<\/div>\n<div class=\"et_pb_module et_pb_text et_pb_text_5  et_pb_text_align_left et_pb_bg_layout_light\">\n<div class=\"et_pb_text_inner\">\n<p><strong>CLASSICPRINT \u2013 Wir bringen Ideen zu Papier<\/strong><\/p>\n<p>&nbsp;<\/p>\n<ul>\n<li>Brosch\u00fcren (Imagebrosch\u00fcren, Bereichsbrosch\u00fcren)<\/li>\n<li>Gesch\u00e4ftsdrucksachen (Briefpapier, Couverts, Visitenkarten, Notizbl\u00f6cke)<\/li>\n<li>Prospekte<\/li>\n<li>Flyer<\/li>\n<li>Postkarten<\/li>\n<li>Plakate<\/li>\n<li>Kleber<\/li>\n<\/ul>\n<\/div>\n<\/div>\n<div class=\"et_pb_module et_pb_blurb et_pb_blurb_0  et_pb_text_align_left  et_pb_blurb_position_left et_pb_bg_layout_light\"><\/div>\n<div class=\"et_pb_module et_pb_text et_pb_text_6  et_pb_text_align_left et_pb_bg_layout_light\">\n<div class=\"et_pb_text_inner\">\n<p>Bei dieser \u00dcbersicht handelt es sich selbstverst\u00e4ndlich nur um eine Auswahl aus unserem gesamten Portfolio.<\/p>\n<\/div>\n<\/div>\n<\/div>\n<\/div>\n<\/div>\n<p>[\/et_pb_accordion_item][et_pb_accordion_item title=&#8220;DRUCKSACHEN F\u00dcR ARZTPRAXEN&#8220; open_toggle_text_color=&#8220;#000000&#8243; closed_toggle_background_color=&#8220;#f7f7f7&#8243; toggle_icon=&#8220;&#x3b;||divi||400&#8243; _builder_version=&#8220;4.27.0&#8243; _module_preset=&#8220;default&#8220; body_font=&#8220;Futura-Book|300|||||||&#8220; body_text_color=&#8220;#000000&#8243; hover_enabled=&#8220;0&#8243; global_colors_info=&#8220;{}&#8220; toggle_text_color=&#8220;#000000&#8243; toggle_font=&#8220;FuturaDemi-Bold|700|||||||&#8220; toggle_font_size=&#8220;30px&#8220; closed_toggle_font=&#8220;FuturaDemi-Bold||||||||&#8220; closed_toggle_font_size=&#8220;30px&#8220; open=&#8220;off&#8220; sticky_enabled=&#8220;0&#8243;]<\/p>\n<div class=\"col-12 col-sm-3 \">\n<div class=\"toolbox-column\">\n<div class=\"toolbox-element toolbox-image\">\n<div class=\"et_pb_module et_pb_text et_pb_text_4  et_pb_text_align_left et_pb_bg_layout_light\">\n<div class=\"et_pb_text_inner\">\n<div class=\"et_pb_module et_pb_text et_pb_text_8  et_pb_text_align_left et_pb_bg_layout_light\">\n<div class=\"et_pb_text_inner\">\n<p>Arztpraxen ben\u00f6tigen professionell gestaltete Drucksachen, welche Sicherheit, Zuverl\u00e4ssigkeit ausstrahlen und seri\u00f6s repr\u00e4sentieren. Schmid Mogelsberg AG ist daf\u00fcr bekannt, diese hohen Anforderungen zu erf\u00fcllen. Die \u00c4rztekunden wissen um unsere Zuverl\u00e4ssigkeit bei Qualit\u00e4t, Termin und vertrauen auf unseren Service.<\/p>\n<\/div>\n<\/div>\n<div class=\"et_pb_module et_pb_text et_pb_text_9  et_pb_text_align_left et_pb_bg_layout_light\">\n<div class=\"et_pb_text_inner\">\n<p>Auswahl aus dem Sortiment \u2013 alles aus einer Hand<\/p>\n<p>&nbsp;<\/p>\n<ul>\n<li>\n<h4 class=\"et_pb_module_header\"><span>Briefbogen<\/span><\/h4>\n<\/li>\n<li>\n<h4 class=\"et_pb_module_header\"><span>Kurzbriefe<\/span><\/h4>\n<\/li>\n<li>\n<h4 class=\"et_pb_module_header\"><span>Briefumschl\u00e4ge<\/span><\/h4>\n<\/li>\n<li>\n<h4 class=\"et_pb_module_header\"><span>Logo<\/span><\/h4>\n<\/li>\n<li>\n<h4 class=\"et_pb_module_header\"><span>Visitenkarten<\/span><\/h4>\n<\/li>\n<li>\n<h4 class=\"et_pb_module_header\"><span>Terminkarten<\/span><\/h4>\n<\/li>\n<li>\n<h4 class=\"et_pb_module_header\"><span>Multifunktionsbl\u00f6cke<\/span><\/h4>\n<\/li>\n<li>\n<h4 class=\"et_pb_module_header\"><span>Flyer<\/span><\/h4>\n<\/li>\n<li>\n<h4 class=\"et_pb_module_header\"><span>Brosch\u00fcren<\/span><\/h4>\n<\/li>\n<li>\n<h4 class=\"et_pb_module_header\"><span>Displays<\/span><\/h4>\n<\/li>\n<li>\n<h4 class=\"et_pb_module_header\"><span>Karteikarten<\/span><\/h4>\n<\/li>\n<li>\n<h4 class=\"et_pb_module_header\"><span>Rezeptformulare<\/span><\/h4>\n<\/li>\n<li>\n<h4 class=\"et_pb_module_header\"><span>Terminkarten<\/span><\/h4>\n<\/li>\n<li>\n<h4 class=\"et_pb_module_header\"><span>Bl\u00f6cke<\/span><\/h4>\n<\/li>\n<li>\n<h4 class=\"et_pb_module_header\"><span>Stempel<\/span><\/h4>\n<\/li>\n<\/ul>\n<\/div>\n<\/div>\n<div class=\"et_pb_module et_pb_blurb et_pb_blurb_7  et_pb_text_align_left  et_pb_blurb_position_left et_pb_bg_layout_light\">\n<div class=\"et_pb_blurb_content\"><\/div>\n<\/div>\n<div class=\"et_pb_module et_pb_text et_pb_text_10  et_pb_text_align_left et_pb_bg_layout_light\">\n<div class=\"et_pb_text_inner\">\n<p>Bei dieser \u00dcbersicht handelt es sich selbstverst\u00e4ndlich nur um eine Auswahl aus unserem gesamten Portfolio.<\/p>\n<\/div>\n<\/div>\n<\/div>\n<\/div>\n<\/div>\n<\/div>\n<\/div>\n<p>[\/et_pb_accordion_item][et_pb_accordion_item title=&#8220;WEITERVERARBEITUNG DRUCK&#8220; open=&#8220;off&#8220; open_toggle_text_color=&#8220;#000000&#8243; closed_toggle_background_color=&#8220;#f7f7f7&#8243; toggle_icon=&#8220;&#x3b;||divi||400&#8243; _builder_version=&#8220;4.27.0&#8243; _module_preset=&#8220;default&#8220; body_font=&#8220;Futura-Book|300|||||||&#8220; body_text_color=&#8220;#000000&#8243; hover_enabled=&#8220;0&#8243; global_colors_info=&#8220;{}&#8220; toggle_text_color=&#8220;#000000&#8243; toggle_font=&#8220;FuturaDemi-Bold|700|||||||&#8220; toggle_font_size=&#8220;30px&#8220; closed_toggle_font=&#8220;FuturaDemi-Bold||||||||&#8220; closed_toggle_font_size=&#8220;30px&#8220; sticky_enabled=&#8220;0&#8243;]<\/p>\n<div class=\"col-12 col-sm-3 \">\n<div class=\"toolbox-column\">\n<div class=\"toolbox-element toolbox-image\">\n<div class=\"et_pb_module et_pb_text et_pb_text_4  et_pb_text_align_left et_pb_bg_layout_light\">\n<div class=\"et_pb_text_inner\">\n<div class=\"et_pb_module et_pb_text et_pb_text_8  et_pb_text_align_left et_pb_bg_layout_light\">\n<div class=\"et_pb_text_inner\">\n<p><span>Schmid Mogelsberg AG verf\u00fcgt \u00fcber umfangreiche Anlagen f\u00fcr die Weiter- und Endverarbeitung Ihrer Druckprodukte (Falzen, Heften, Zusammentragen, Schneiden, Lochen, Leimen). Folglich kommen Sie in Genuss einer Drucksache, die im perfekten End- und Auslieferungszustand ist.<\/span><\/p>\n<\/div>\n<\/div>\n<\/div>\n<\/div>\n<\/div>\n<\/div>\n<\/div>\n<p>[\/et_pb_accordion_item][\/et_pb_accordion][\/et_pb_column][\/et_pb_row][\/et_pb_section]<\/p>\n","protected":false},"excerpt":{"rendered":"<p>Druckprodukte aus der Ostschweiz \u2013 Appenzell bis Wil.<\/p>\n","protected":false},"author":3,"featured_media":0,"parent":31,"menu_order":0,"comment_status":"closed","ping_status":"closed","template":"","meta":{"_et_pb_use_builder":"on","_et_pb_old_content":"","_et_gb_content_width":"","footnotes":""},"class_list":["post-67","page","type-page","status-publish","hentry"],"yoast_head":"<!-- This site is optimized with the Yoast SEO plugin v27.3 - https:\/\/yoast.com\/product\/yoast-seo-wordpress\/ -->\n<title>Druckprodukte Ostschweiz | Schmid Mogelsberg AG Druckerei<\/title>\n<meta name=\"description\" content=\"Druckprodukte aus der Ostschweiz \u2013 produziert von Appenzell \u00fcber St. Gallen bis Wil. Offsetdruck, Digitaldruck und individuelle Druckl\u00f6sungen.\" \/>\n<meta name=\"robots\" content=\"index, follow, max-snippet:-1, max-image-preview:large, max-video-preview:-1\" \/>\n<link rel=\"canonical\" href=\"https:\/\/www.schmid-mogelsberg.ch\/de\/druck\/angebot-produkte\/\" \/>\n<meta property=\"og:locale\" content=\"de_DE\" \/>\n<meta property=\"og:type\" content=\"article\" \/>\n<meta property=\"og:title\" content=\"Druckprodukte | Ostschweizer Druckerei\" \/>\n<meta property=\"og:description\" content=\"Regionale Druckprodukte \u2013 hergestellt in der Region Appenzell, St. Gallen und Wil.\" \/>\n<meta property=\"og:url\" content=\"https:\/\/www.schmid-mogelsberg.ch\/de\/druck\/angebot-produkte\/\" \/>\n<meta property=\"og:site_name\" content=\"Schmid Mogelsberg\" \/>\n<meta property=\"article:publisher\" content=\"https:\/\/www.facebook.com\/Schmid.Mogelsberg.AG\" \/>\n<meta property=\"article:modified_time\" content=\"2025-11-25T10:03:39+00:00\" \/>\n<meta name=\"twitter:card\" content=\"summary_large_image\" \/>\n<meta name=\"twitter:title\" content=\"Druckprodukte Ostschweiz | Schmid Mogelsberg AG\" \/>\n<meta name=\"twitter:description\" content=\"Hochwertige Druckprodukte aus der Ostschweiz \u2013 Appenzell, St. Gallen, Wil.\" \/>\n<meta name=\"twitter:label1\" content=\"Gesch\u00e4tzte Lesezeit\" \/>\n\t<meta name=\"twitter:data1\" content=\"5\u00a0Minuten\" \/>\n<script type=\"application\/ld+json\" class=\"yoast-schema-graph\">{\"@context\":\"https:\\\/\\\/schema.org\",\"@graph\":[{\"@type\":\"WebPage\",\"@id\":\"https:\\\/\\\/www.schmid-mogelsberg.ch\\\/de\\\/druck\\\/angebot-produkte\\\/\",\"url\":\"https:\\\/\\\/www.schmid-mogelsberg.ch\\\/de\\\/druck\\\/angebot-produkte\\\/\",\"name\":\"Druckprodukte Ostschweiz | Schmid Mogelsberg AG Druckerei\",\"isPartOf\":{\"@id\":\"https:\\\/\\\/www.schmid-mogelsberg.ch\\\/de\\\/#website\"},\"datePublished\":\"2024-03-31T13:46:19+00:00\",\"dateModified\":\"2025-11-25T10:03:39+00:00\",\"description\":\"Druckprodukte aus der Ostschweiz \u2013 produziert von Appenzell \u00fcber St. Gallen bis Wil. Offsetdruck, Digitaldruck und individuelle Druckl\u00f6sungen.\",\"breadcrumb\":{\"@id\":\"https:\\\/\\\/www.schmid-mogelsberg.ch\\\/de\\\/druck\\\/angebot-produkte\\\/#breadcrumb\"},\"inLanguage\":\"de\",\"potentialAction\":[{\"@type\":\"ReadAction\",\"target\":[\"https:\\\/\\\/www.schmid-mogelsberg.ch\\\/de\\\/druck\\\/angebot-produkte\\\/\"]}]},{\"@type\":\"BreadcrumbList\",\"@id\":\"https:\\\/\\\/www.schmid-mogelsberg.ch\\\/de\\\/druck\\\/angebot-produkte\\\/#breadcrumb\",\"itemListElement\":[{\"@type\":\"ListItem\",\"position\":1,\"name\":\"Startseite\",\"item\":\"https:\\\/\\\/www.schmid-mogelsberg.ch\\\/de\\\/\"},{\"@type\":\"ListItem\",\"position\":2,\"name\":\"Druck\",\"item\":\"https:\\\/\\\/www.schmid-mogelsberg.ch\\\/de\\\/druck\\\/\"},{\"@type\":\"ListItem\",\"position\":3,\"name\":\"Angebot\\\/Produkte\"}]},{\"@type\":\"WebSite\",\"@id\":\"https:\\\/\\\/www.schmid-mogelsberg.ch\\\/de\\\/#website\",\"url\":\"https:\\\/\\\/www.schmid-mogelsberg.ch\\\/de\\\/\",\"name\":\"Schmid Mogelsberg\",\"description\":\"Ihre Druckerei auf der H\u00f6he\",\"publisher\":{\"@id\":\"https:\\\/\\\/www.schmid-mogelsberg.ch\\\/de\\\/#organization\"},\"potentialAction\":[{\"@type\":\"SearchAction\",\"target\":{\"@type\":\"EntryPoint\",\"urlTemplate\":\"https:\\\/\\\/www.schmid-mogelsberg.ch\\\/de\\\/?s={search_term_string}\"},\"query-input\":{\"@type\":\"PropertyValueSpecification\",\"valueRequired\":true,\"valueName\":\"search_term_string\"}}],\"inLanguage\":\"de\"},{\"@type\":\"Organization\",\"@id\":\"https:\\\/\\\/www.schmid-mogelsberg.ch\\\/de\\\/#organization\",\"name\":\"Schmid Mogelsberg\",\"url\":\"https:\\\/\\\/www.schmid-mogelsberg.ch\\\/de\\\/\",\"logo\":{\"@type\":\"ImageObject\",\"inLanguage\":\"de\",\"@id\":\"https:\\\/\\\/www.schmid-mogelsberg.ch\\\/de\\\/#\\\/schema\\\/logo\\\/image\\\/\",\"url\":\"https:\\\/\\\/www.schmid-mogelsberg.ch\\\/de\\\/wp-content\\\/uploads\\\/2024\\\/03\\\/lOGO.png\",\"contentUrl\":\"https:\\\/\\\/www.schmid-mogelsberg.ch\\\/de\\\/wp-content\\\/uploads\\\/2024\\\/03\\\/lOGO.png\",\"width\":225,\"height\":81,\"caption\":\"Schmid Mogelsberg\"},\"image\":{\"@id\":\"https:\\\/\\\/www.schmid-mogelsberg.ch\\\/de\\\/#\\\/schema\\\/logo\\\/image\\\/\"},\"sameAs\":[\"https:\\\/\\\/www.facebook.com\\\/Schmid.Mogelsberg.AG\",\"https:\\\/\\\/ch.linkedin.com\\\/company\\\/schmid-mogelsberg-ag\"]}]}<\/script>\n<!-- \/ Yoast SEO plugin. -->","yoast_head_json":{"title":"Druckprodukte Ostschweiz | Schmid Mogelsberg AG Druckerei","description":"Druckprodukte aus der Ostschweiz \u2013 produziert von Appenzell \u00fcber St. Gallen bis Wil. Offsetdruck, Digitaldruck und individuelle Druckl\u00f6sungen.","robots":{"index":"index","follow":"follow","max-snippet":"max-snippet:-1","max-image-preview":"max-image-preview:large","max-video-preview":"max-video-preview:-1"},"canonical":"https:\/\/www.schmid-mogelsberg.ch\/de\/druck\/angebot-produkte\/","og_locale":"de_DE","og_type":"article","og_title":"Druckprodukte | Ostschweizer Druckerei","og_description":"Regionale Druckprodukte \u2013 hergestellt in der Region Appenzell, St. Gallen und Wil.","og_url":"https:\/\/www.schmid-mogelsberg.ch\/de\/druck\/angebot-produkte\/","og_site_name":"Schmid Mogelsberg","article_publisher":"https:\/\/www.facebook.com\/Schmid.Mogelsberg.AG","article_modified_time":"2025-11-25T10:03:39+00:00","twitter_card":"summary_large_image","twitter_title":"Druckprodukte Ostschweiz | Schmid Mogelsberg AG","twitter_description":"Hochwertige Druckprodukte aus der Ostschweiz \u2013 Appenzell, St. Gallen, Wil.","twitter_misc":{"Gesch\u00e4tzte Lesezeit":"5\u00a0Minuten"},"schema":{"@context":"https:\/\/schema.org","@graph":[{"@type":"WebPage","@id":"https:\/\/www.schmid-mogelsberg.ch\/de\/druck\/angebot-produkte\/","url":"https:\/\/www.schmid-mogelsberg.ch\/de\/druck\/angebot-produkte\/","name":"Druckprodukte Ostschweiz | Schmid Mogelsberg AG Druckerei","isPartOf":{"@id":"https:\/\/www.schmid-mogelsberg.ch\/de\/#website"},"datePublished":"2024-03-31T13:46:19+00:00","dateModified":"2025-11-25T10:03:39+00:00","description":"Druckprodukte aus der Ostschweiz \u2013 produziert von Appenzell \u00fcber St. Gallen bis Wil. Offsetdruck, Digitaldruck und individuelle Druckl\u00f6sungen.","breadcrumb":{"@id":"https:\/\/www.schmid-mogelsberg.ch\/de\/druck\/angebot-produkte\/#breadcrumb"},"inLanguage":"de","potentialAction":[{"@type":"ReadAction","target":["https:\/\/www.schmid-mogelsberg.ch\/de\/druck\/angebot-produkte\/"]}]},{"@type":"BreadcrumbList","@id":"https:\/\/www.schmid-mogelsberg.ch\/de\/druck\/angebot-produkte\/#breadcrumb","itemListElement":[{"@type":"ListItem","position":1,"name":"Startseite","item":"https:\/\/www.schmid-mogelsberg.ch\/de\/"},{"@type":"ListItem","position":2,"name":"Druck","item":"https:\/\/www.schmid-mogelsberg.ch\/de\/druck\/"},{"@type":"ListItem","position":3,"name":"Angebot\/Produkte"}]},{"@type":"WebSite","@id":"https:\/\/www.schmid-mogelsberg.ch\/de\/#website","url":"https:\/\/www.schmid-mogelsberg.ch\/de\/","name":"Schmid Mogelsberg","description":"Ihre Druckerei auf der H\u00f6he","publisher":{"@id":"https:\/\/www.schmid-mogelsberg.ch\/de\/#organization"},"potentialAction":[{"@type":"SearchAction","target":{"@type":"EntryPoint","urlTemplate":"https:\/\/www.schmid-mogelsberg.ch\/de\/?s={search_term_string}"},"query-input":{"@type":"PropertyValueSpecification","valueRequired":true,"valueName":"search_term_string"}}],"inLanguage":"de"},{"@type":"Organization","@id":"https:\/\/www.schmid-mogelsberg.ch\/de\/#organization","name":"Schmid Mogelsberg","url":"https:\/\/www.schmid-mogelsberg.ch\/de\/","logo":{"@type":"ImageObject","inLanguage":"de","@id":"https:\/\/www.schmid-mogelsberg.ch\/de\/#\/schema\/logo\/image\/","url":"https:\/\/www.schmid-mogelsberg.ch\/de\/wp-content\/uploads\/2024\/03\/lOGO.png","contentUrl":"https:\/\/www.schmid-mogelsberg.ch\/de\/wp-content\/uploads\/2024\/03\/lOGO.png","width":225,"height":81,"caption":"Schmid Mogelsberg"},"image":{"@id":"https:\/\/www.schmid-mogelsberg.ch\/de\/#\/schema\/logo\/image\/"},"sameAs":["https:\/\/www.facebook.com\/Schmid.Mogelsberg.AG","https:\/\/ch.linkedin.com\/company\/schmid-mogelsberg-ag"]}]}},"_links":{"self":[{"href":"https:\/\/www.schmid-mogelsberg.ch\/de\/wp-json\/wp\/v2\/pages\/67","targetHints":{"allow":["GET"]}}],"collection":[{"href":"https:\/\/www.schmid-mogelsberg.ch\/de\/wp-json\/wp\/v2\/pages"}],"about":[{"href":"https:\/\/www.schmid-mogelsberg.ch\/de\/wp-json\/wp\/v2\/types\/page"}],"author":[{"embeddable":true,"href":"https:\/\/www.schmid-mogelsberg.ch\/de\/wp-json\/wp\/v2\/users\/3"}],"replies":[{"embeddable":true,"href":"https:\/\/www.schmid-mogelsberg.ch\/de\/wp-json\/wp\/v2\/comments?post=67"}],"version-history":[{"count":1,"href":"https:\/\/www.schmid-mogelsberg.ch\/de\/wp-json\/wp\/v2\/pages\/67\/revisions"}],"predecessor-version":[{"id":1089016,"href":"https:\/\/www.schmid-mogelsberg.ch\/de\/wp-json\/wp\/v2\/pages\/67\/revisions\/1089016"}],"up":[{"embeddable":true,"href":"https:\/\/www.schmid-mogelsberg.ch\/de\/wp-json\/wp\/v2\/pages\/31"}],"wp:attachment":[{"href":"https:\/\/www.schmid-mogelsberg.ch\/de\/wp-json\/wp\/v2\/media?parent=67"}],"curies":[{"name":"wp","href":"https:\/\/api.w.org\/{rel}","templated":true}]}}